{"id":1973508,"date":"2022-06-15T14:57:09","date_gmt":"2022-06-15T12:57:09","guid":{"rendered":"https:\/\/de.tilta.com\/shop\/usb-c-stromkabel-60cm\/"},"modified":"2025-12-05T12:12:23","modified_gmt":"2025-12-05T11:12:23","slug":"usb-c-power-cable-60cm","status":"publish","type":"product","link":"https:\/\/eu.tilta.com\/de\/shop\/usb-c-power-cable-60cm\/","title":{"rendered":"USB-C Stromkabel (60cm)"},"content":{"rendered":"<p>Mit diesem 60 cm langen USB-C auf USB-C Stromkabel k\u00f6nnen Sie USB-C-Zubeh\u00f6r \u00fcber USB-C Stromquellen mit Strom versorgen.<\/p>\n<p>Dies ist eine gro\u00dfartige Option f\u00fcr die Stromversorgung der Nucleus Nano II Wireless Follow Focus Motoren, insbesondere bei der Verkettung von Motoren an kleineren Zoomobjektiven.<\/p>\n","protected":false},"excerpt":{"rendered":"<p>Mit diesem 60 cm langen USB-C auf USB-C Stromkabel k\u00f6nnen Sie USB-C-Zubeh\u00f6r \u00fcber USB-C Stromquellen mit Strom versorgen. Dies ist eine gro\u00dfartige Option f\u00fcr die Stromversorgung der Nucleus Nano II Wireless Follow Focus Motoren, insbesondere bei der Verkettung von Motoren [&hellip;]<\/p>\n","protected":false},"featured_media":1967892,"comment_status":"closed","ping_status":"closed","template":"","meta":[],"product_cat":[1088,1066,1240,1232,1264],"product_tag":[],"acf":[],"gallery_images":[],"_links":{"self":[{"href":"https:\/\/eu.tilta.com\/de\/wp-json\/wp\/v2\/product\/1973508"}],"collection":[{"href":"https:\/\/eu.tilta.com\/de\/wp-json\/wp\/v2\/product"}],"about":[{"href":"https:\/\/eu.tilta.com\/de\/wp-json\/wp\/v2\/types\/product"}],"replies":[{"embeddable":true,"href":"https:\/\/eu.tilta.com\/de\/wp-json\/wp\/v2\/comments?post=1973508"}],"wp:featuredmedia":[{"embeddable":true,"href":"https:\/\/eu.tilta.com\/de\/wp-json\/wp\/v2\/media\/1967892"}],"wp:attachment":[{"href":"https:\/\/eu.tilta.com\/de\/wp-json\/wp\/v2\/media?parent=1973508"}],"wp:term":[{"taxonomy":"product_cat","embeddable":true,"href":"https:\/\/eu.tilta.com\/de\/wp-json\/wp\/v2\/product_cat?post=1973508"},{"taxonomy":"product_tag","embeddable":true,"href":"https:\/\/eu.tilta.com\/de\/wp-json\/wp\/v2\/product_tag?post=1973508"}],"curies":[{"name":"wp","href":"https:\/\/api.w.org\/{rel}","templated":true}]}}