{"id":1973510,"date":"2022-06-15T09:00:39","date_gmt":"2022-06-15T07:00:39","guid":{"rendered":"https:\/\/de.tilta.com\/shop\/tilta-pd-v-mount-batterieplatte-schwarz\/"},"modified":"2025-12-05T12:12:24","modified_gmt":"2025-12-05T11:12:24","slug":"tiltaing-smart-v-mount-battery-plate-black","status":"publish","type":"product","link":"https:\/\/eu.tilta.com\/de\/shop\/tiltaing-smart-v-mount-battery-plate-black\/","title":{"rendered":"Tilta PD V Mount Batterieplatte &#8211; Schwarz"},"content":{"rendered":"<p>Diese PD V-Mount-Akkuplatte verf\u00fcgt \u00fcber (2) 14,8 V P-Tap-Anschl\u00fcsse, (1) 5 V USB-C-Anschluss und (1) 60 W USB-C PD-Anschluss, \u00fcber den die Akkuplatte die f\u00fcr das angeschlossene Zubeh\u00f6r erforderliche Spannung einstellen kann (nur f\u00fcr den PD USB-C-Anschluss).<\/p>\n<p>Mit dem PD USB-C-Anschluss k\u00f6nnen Sie Ihre Kamera oder Ihr Zubeh\u00f6r beruhigt mit Strom versorgen, da Sie sich nicht mehr ausschlie\u00dflich auf regulierte Stromkabel verlassen m\u00fcssen, um sicherzustellen, dass Ihr Ger\u00e4t die richtige Spannung erh\u00e4lt.<\/p>\n<p>Mit dem Universal-Akkuplatten-Stangenadapter k\u00f6nnen Sie diese Akkuplatte in verschiedenen Winkeln an 15mm LWS-Stangen befestigen.<\/p>\n<p>Mit der mitgelieferten USB-C-Kabelklemme k\u00f6nnen Sie das mitgelieferte USB-C-Kabel an der Akkuplatte befestigen, um eine sicherere Verbindung herzustellen und ein versehentliches Trennen der Verbindung zu verhindern.<\/p>\n","protected":false},"excerpt":{"rendered":"<p>Diese PD V-Mount-Akkuplatte verf\u00fcgt \u00fcber (2) 14,8 V P-Tap-Anschl\u00fcsse, (1) 5 V USB-C-Anschluss und (1) 60 W USB-C PD-Anschluss, \u00fcber den die Akkuplatte die f\u00fcr das angeschlossene Zubeh\u00f6r erforderliche Spannung einstellen kann (nur f\u00fcr den PD USB-C-Anschluss). Mit dem PD [&hellip;]<\/p>\n","protected":false},"featured_media":1967926,"comment_status":"closed","ping_status":"closed","template":"","meta":[],"product_cat":[1073,1082,1083,1084,1085,1088,1094,1104,1142,1233],"product_tag":[],"acf":[],"gallery_images":[1967927,1967926,1967891,1967890],"_links":{"self":[{"href":"https:\/\/eu.tilta.com\/de\/wp-json\/wp\/v2\/product\/1973510"}],"collection":[{"href":"https:\/\/eu.tilta.com\/de\/wp-json\/wp\/v2\/product"}],"about":[{"href":"https:\/\/eu.tilta.com\/de\/wp-json\/wp\/v2\/types\/product"}],"replies":[{"embeddable":true,"href":"https:\/\/eu.tilta.com\/de\/wp-json\/wp\/v2\/comments?post=1973510"}],"wp:featuredmedia":[{"embeddable":true,"href":"https:\/\/eu.tilta.com\/de\/wp-json\/wp\/v2\/media\/1967926"}],"wp:attachment":[{"href":"https:\/\/eu.tilta.com\/de\/wp-json\/wp\/v2\/media?parent=1973510"}],"wp:term":[{"taxonomy":"product_cat","embeddable":true,"href":"https:\/\/eu.tilta.com\/de\/wp-json\/wp\/v2\/product_cat?post=1973510"},{"taxonomy":"product_tag","embeddable":true,"href":"https:\/\/eu.tilta.com\/de\/wp-json\/wp\/v2\/product_tag?post=1973510"}],"curies":[{"name":"wp","href":"https:\/\/api.w.org\/{rel}","templated":true}]}}