{"id":1973511,"date":"2022-06-13T12:24:30","date_gmt":"2022-06-13T10:24:30","guid":{"rendered":"https:\/\/de.tilta.com\/shop\/vollstaendiger-kamerakaefig-fuer-canon-r5c-schwarz\/"},"modified":"2025-12-05T12:12:25","modified_gmt":"2025-12-05T11:12:25","slug":"full-camera-cage-for-canon-r5c-black","status":"publish","type":"product","link":"https:\/\/eu.tilta.com\/de\/shop\/full-camera-cage-for-canon-r5c-black\/","title":{"rendered":"Vollst\u00e4ndiger Kamerak\u00e4fig f\u00fcr Canon R5C &#8211; Schwarz"},"content":{"rendered":"<p>Dieser Kamerak\u00e4fig bietet verbesserten Schutz f\u00fcr den Canon R5C und erweitert gleichzeitig die Befestigungsm\u00f6glichkeiten f\u00fcr diverses Kamerazubeh\u00f6r.<\/p>\n<p>Der K\u00e4fig verf\u00fcgt \u00fcber einen ARRI-Rosettenanschluss, zwei Kaltstarteinrichtungen und NATO-Schienenanschl\u00fcsse an der oberen und linken Seite des K\u00e4figs.<\/p>\n<p>Diese Anschl\u00fcsse sind die perfekte Option f\u00fcr die Montage unserer optionalen Seitengriffe vom Typ IV\/VI oder unseres kompakten NATO-Obergriffs.<\/p>\n<p>Der K\u00e4fig verf\u00fcgt au\u00dferdem \u00fcber mehrere \u00bc&#8221;-20 Befestigungspunkte mit Fixierstiften, mehrere M3-Gewinde und integrierte Schlitze f\u00fcr einen Schultergurt.<\/p>\n<p>Der optionale verstellbare obere Handgriff kann angebracht werden, um schnell zwischen horizontaler und vertikaler Aufnahmekonfiguration zu wechseln.<\/p>\n<p>Der K\u00e4fig wird \u00fcber eine \u00bc&#8221;-20-Schraube mit dem Kamerageh\u00e4use verbunden und verf\u00fcgt \u00fcber einen zus\u00e4tzlichen Kontaktstift, um zu verhindern, dass sich die Kamera innerhalb des K\u00e4figs bewegt.<\/p>\n<p>Das eingebaute Silikonkissen h\u00e4lt das Kamerageh\u00e4use an seinem Platz und sch\u00fctzt es gleichzeitig vor Kratzern, die durch den K\u00e4fig verursacht werden k\u00f6nnten.<\/p>\n<p>Die Basis des K\u00e4figs bietet au\u00dferdem mehrere Befestigungsm\u00f6glichkeiten f\u00fcr die Befestigung des Systems an verschiedenen Schnellwechselplatten und unterst\u00fctzt von Haus aus unsere <a href=\"https:\/\/de.tilta.com\/shop\/tiltaing-smart-v-mount-battery-baseplate-arca-black\/\">Smart V Mount Battery Baseplate<\/a> und die <a href=\"https:\/\/de.tilta.com\/shop\/tiltaing-15mm-lws-baseplate-type-iv\/\">LWS Baseplate Typ IV<\/a>.<\/p>\n<p>Die Bodenplatte erm\u00f6glicht Ihnen einen einfachen Zugang zum Batteriefach und enth\u00e4lt au\u00dferdem einen Schlitz f\u00fcr den mitgelieferten magnetischen Schraubendreher.<\/p>\n<p>Die mitgelieferte Klemmenbefestigung wird an der Seite des K\u00e4figs angebracht und erm\u00f6glicht Ihnen die Befestigung des optionalen HDMI-auf-Micro-HDMI-Adapters und eines optionalen USB-C-Kabels.<\/p>\n<p>Dieses Zubeh\u00f6r verhindert, dass sich diese Kabel beim Fotografieren l\u00f6sen und bietet zus\u00e4tzlichen Schutz f\u00fcr die Anschl\u00fcsse an Ihrem Kamerageh\u00e4use.<\/p>\n<p>Dies ist besonders hilfreich, wenn Sie einen externen Recorder verwenden, da ein loses Kabel eine Aufnahme ruinieren k\u00f6nnte, wenn es versehentlich getrennt wird.<\/p>\n<p>Die mitgelieferte Objektivhalterung wird mit M3-Schrauben an der Vorderseite des K\u00e4figs befestigt und bietet zus\u00e4tzlichen Halt f\u00fcr einen RF-auf-EF-Objektivadapter.<\/p>\n<p>Dadurch entsteht ein zus\u00e4tzlicher Kontaktpunkt zwischen Ihrem K\u00e4fig und dem Objektivadapter, der f\u00fcr eine sicherere Verbindung sorgt und Bildverschiebungen, die durch Nachf\u00fchrsysteme verursacht werden k\u00f6nnten, begrenzt.<\/p>\n","protected":false},"excerpt":{"rendered":"<p>Dieser Kamerak\u00e4fig bietet verbesserten Schutz f\u00fcr den Canon R5C und erweitert gleichzeitig die Befestigungsm\u00f6glichkeiten f\u00fcr diverses Kamerazubeh\u00f6r. Der K\u00e4fig verf\u00fcgt \u00fcber einen ARRI-Rosettenanschluss, zwei Kaltstarteinrichtungen und NATO-Schienenanschl\u00fcsse an der oberen und linken Seite des K\u00e4figs. Diese Anschl\u00fcsse sind die perfekte [&hellip;]<\/p>\n","protected":false},"featured_media":1972426,"comment_status":"closed","ping_status":"closed","template":"","meta":[],"product_cat":[1088],"product_tag":[],"acf":[],"gallery_images":[1972424,1972425,1968040,1968041,1968043],"_links":{"self":[{"href":"https:\/\/eu.tilta.com\/de\/wp-json\/wp\/v2\/product\/1973511"}],"collection":[{"href":"https:\/\/eu.tilta.com\/de\/wp-json\/wp\/v2\/product"}],"about":[{"href":"https:\/\/eu.tilta.com\/de\/wp-json\/wp\/v2\/types\/product"}],"replies":[{"embeddable":true,"href":"https:\/\/eu.tilta.com\/de\/wp-json\/wp\/v2\/comments?post=1973511"}],"wp:featuredmedia":[{"embeddable":true,"href":"https:\/\/eu.tilta.com\/de\/wp-json\/wp\/v2\/media\/1972426"}],"wp:attachment":[{"href":"https:\/\/eu.tilta.com\/de\/wp-json\/wp\/v2\/media?parent=1973511"}],"wp:term":[{"taxonomy":"product_cat","embeddable":true,"href":"https:\/\/eu.tilta.com\/de\/wp-json\/wp\/v2\/product_cat?post=1973511"},{"taxonomy":"product_tag","embeddable":true,"href":"https:\/\/eu.tilta.com\/de\/wp-json\/wp\/v2\/product_tag?post=1973511"}],"curies":[{"name":"wp","href":"https:\/\/api.w.org\/{rel}","templated":true}]}}