{"id":1973512,"date":"2022-06-15T08:58:33","date_gmt":"2022-06-15T06:58:33","guid":{"rendered":"https:\/\/de.tilta.com\/shop\/tilta-pd-v-mount-akku-grundplatte-arca-schwarz\/"},"modified":"2025-12-05T12:12:25","modified_gmt":"2025-12-05T11:12:25","slug":"tiltaing-smart-v-mount-battery-baseplate-arca-black","status":"publish","type":"product","link":"https:\/\/eu.tilta.com\/de\/shop\/tiltaing-smart-v-mount-battery-baseplate-arca-black\/","title":{"rendered":"Tilta PD V Mount Akku-Grundplatte (ARCA) &#8211; Schwarz"},"content":{"rendered":"<p>Diese Tilta PD V Mount Battery Baseplate wird \u00fcber eine ARCA-Verbindung an Kamerak\u00e4fige angeschlossen.<\/p>\n<p>Diese Akkuplatte verf\u00fcgt \u00fcber (2) 14,8-V-P-Tap-Anschl\u00fcsse, (1) 5-V-USB-C-Anschluss und (1) 60-W-USB-C-PD-Anschluss, \u00fcber die die Akkuplatte die f\u00fcr das angeschlossene Zubeh\u00f6r erforderliche Spannung einstellen kann.<\/p>\n<p>So k\u00f6nnen Sie Ihre Kamera oder Ihr Zubeh\u00f6r beruhigt mit Strom versorgen, da Sie sich nicht ausschlie\u00dflich auf regulierte Stromkabel verlassen m\u00fcssen, um sicherzustellen, dass Ihr Ger\u00e4t die richtige Spannung erh\u00e4lt.<\/p>\n<p>Die H\u00f6he dieser Batteriegrundplatte kann angepasst werden, um V-Mount-Batterien unterschiedlicher Gr\u00f6\u00dfe aufzunehmen. Dank des 15-mm-LWS-Standardabstands kann die Batterieplatte bei Bedarf von der Grundplatte entfernt und \u00fcber Stangen montiert werden.<\/p>\n<p>Mit der mitgelieferten USB-C-Kabelklemme k\u00f6nnen Sie das mitgelieferte USB-C-Kabel an der Akkuplatte befestigen, um eine sicherere Verbindung herzustellen und ein versehentliches Trennen der Verbindung zu verhindern.<\/p>\n<p>Diese Grundplatte ist mit unserem Full Camera Cage f\u00fcr Canon R5C und jedem Kamerageh\u00e4use oder K\u00e4fig kompatibel, das mit der mitgelieferten ARCA Standard Quick Release Plate verbunden werden kann.<\/p>\n<p><strong>HINWEIS: Diese Grundplatte basiert auf dem DJI-Standard f\u00fcr ARCA. Die Kompatibilit\u00e4t mit anderen ARCA Schnellwechselplatten wird nicht garantiert.  <\/strong><\/p>\n","protected":false},"excerpt":{"rendered":"<p>Diese Tilta PD V Mount Battery Baseplate wird \u00fcber eine ARCA-Verbindung an Kamerak\u00e4fige angeschlossen. Diese Akkuplatte verf\u00fcgt \u00fcber (2) 14,8-V-P-Tap-Anschl\u00fcsse, (1) 5-V-USB-C-Anschluss und (1) 60-W-USB-C-PD-Anschluss, \u00fcber die die Akkuplatte die f\u00fcr das angeschlossene Zubeh\u00f6r erforderliche Spannung einstellen kann. So k\u00f6nnen [&hellip;]<\/p>\n","protected":false},"featured_media":1967887,"comment_status":"closed","ping_status":"closed","template":"","meta":[],"product_cat":[1082,1083,1084,1085,1088,1094,1104,1142,1143],"product_tag":[],"acf":[],"gallery_images":[1923586,1923588],"_links":{"self":[{"href":"https:\/\/eu.tilta.com\/de\/wp-json\/wp\/v2\/product\/1973512"}],"collection":[{"href":"https:\/\/eu.tilta.com\/de\/wp-json\/wp\/v2\/product"}],"about":[{"href":"https:\/\/eu.tilta.com\/de\/wp-json\/wp\/v2\/types\/product"}],"replies":[{"embeddable":true,"href":"https:\/\/eu.tilta.com\/de\/wp-json\/wp\/v2\/comments?post=1973512"}],"wp:featuredmedia":[{"embeddable":true,"href":"https:\/\/eu.tilta.com\/de\/wp-json\/wp\/v2\/media\/1967887"}],"wp:attachment":[{"href":"https:\/\/eu.tilta.com\/de\/wp-json\/wp\/v2\/media?parent=1973512"}],"wp:term":[{"taxonomy":"product_cat","embeddable":true,"href":"https:\/\/eu.tilta.com\/de\/wp-json\/wp\/v2\/product_cat?post=1973512"},{"taxonomy":"product_tag","embeddable":true,"href":"https:\/\/eu.tilta.com\/de\/wp-json\/wp\/v2\/product_tag?post=1973512"}],"curies":[{"name":"wp","href":"https:\/\/api.w.org\/{rel}","templated":true}]}}