{"id":1973513,"date":"2022-06-14T15:50:44","date_gmt":"2022-06-14T13:50:44","guid":{"rendered":"https:\/\/de.tilta.com\/shop\/ef-mount-adapterhalterung-fuer-canon-r5c-schwarz\/"},"modified":"2025-12-05T12:12:26","modified_gmt":"2025-12-05T11:12:26","slug":"ef-mount-adapter-support-for-canon-r5c-black","status":"publish","type":"product","link":"https:\/\/eu.tilta.com\/de\/shop\/ef-mount-adapter-support-for-canon-r5c-black\/","title":{"rendered":"EF Mount Adapterhalterung f\u00fcr Canon R5C &#8211; Schwarz"},"content":{"rendered":"<p>Diese EF-Mount-Adapterhalterung f\u00fcr den Canon R5C wird mit M3-Schrauben an der Vorderseite des K\u00e4figs befestigt und bietet zus\u00e4tzlichen Halt f\u00fcr einen RF-auf-EF-Objektivadapter.<\/p>\n<p>Dadurch entsteht ein zus\u00e4tzlicher Kontaktpunkt zwischen Ihrem K\u00e4fig und dem Objektivadapter, der f\u00fcr eine sicherere Verbindung sorgt und Bildverschiebungen, die durch Nachf\u00fchrsysteme verursacht werden k\u00f6nnten, begrenzt.<\/p>\n","protected":false},"excerpt":{"rendered":"<p>Diese EF-Mount-Adapterhalterung f\u00fcr den Canon R5C wird mit M3-Schrauben an der Vorderseite des K\u00e4figs befestigt und bietet zus\u00e4tzlichen Halt f\u00fcr einen RF-auf-EF-Objektivadapter. Dadurch entsteht ein zus\u00e4tzlicher Kontaktpunkt zwischen Ihrem K\u00e4fig und dem Objektivadapter, der f\u00fcr eine sicherere Verbindung sorgt und [&hellip;]<\/p>\n","protected":false},"featured_media":1967878,"comment_status":"closed","ping_status":"closed","template":"","meta":[],"product_cat":[1088],"product_tag":[],"acf":[],"gallery_images":[1923493],"_links":{"self":[{"href":"https:\/\/eu.tilta.com\/de\/wp-json\/wp\/v2\/product\/1973513"}],"collection":[{"href":"https:\/\/eu.tilta.com\/de\/wp-json\/wp\/v2\/product"}],"about":[{"href":"https:\/\/eu.tilta.com\/de\/wp-json\/wp\/v2\/types\/product"}],"replies":[{"embeddable":true,"href":"https:\/\/eu.tilta.com\/de\/wp-json\/wp\/v2\/comments?post=1973513"}],"wp:featuredmedia":[{"embeddable":true,"href":"https:\/\/eu.tilta.com\/de\/wp-json\/wp\/v2\/media\/1967878"}],"wp:attachment":[{"href":"https:\/\/eu.tilta.com\/de\/wp-json\/wp\/v2\/media?parent=1973513"}],"wp:term":[{"taxonomy":"product_cat","embeddable":true,"href":"https:\/\/eu.tilta.com\/de\/wp-json\/wp\/v2\/product_cat?post=1973513"},{"taxonomy":"product_tag","embeddable":true,"href":"https:\/\/eu.tilta.com\/de\/wp-json\/wp\/v2\/product_tag?post=1973513"}],"curies":[{"name":"wp","href":"https:\/\/api.w.org\/{rel}","templated":true}]}}