{"id":1973514,"date":"2022-06-14T15:49:13","date_gmt":"2022-06-14T13:49:13","guid":{"rendered":"https:\/\/de.tilta.com\/shop\/hdmi-klammerbefestigung-fuer-canon-r5c-schwarz\/"},"modified":"2025-12-05T12:12:26","modified_gmt":"2025-12-05T11:12:26","slug":"hdmi-clamp-attachment-for-canon-r5c-black","status":"publish","type":"product","link":"https:\/\/eu.tilta.com\/de\/shop\/hdmi-clamp-attachment-for-canon-r5c-black\/","title":{"rendered":"HDMI-Klammerbefestigung f\u00fcr Canon R5C &#8211; Schwarz"},"content":{"rendered":"<p>Diese HDMI-Klemme f\u00fcr den Canon R5C wird an der Seite des R5C Full Cage angebracht und erm\u00f6glicht die Befestigung des optionalen HDMI-auf-Micro-HDMI-Adapters und eines optionalen USB-C-Kabels.<\/p>\n<p>Dies verhindert, dass sich diese Kabel beim Fotografieren l\u00f6sen und bietet zus\u00e4tzlichen Schutz f\u00fcr die Anschl\u00fcsse an Ihrem Kamerageh\u00e4use.<\/p>\n<p>Dies ist besonders hilfreich, wenn Sie einen externen Recorder verwenden, da ein loses Kabel eine Aufnahme ruinieren k\u00f6nnte, wenn es versehentlich getrennt wird.<\/p>\n","protected":false},"excerpt":{"rendered":"<p>Diese HDMI-Klemme f\u00fcr den Canon R5C wird an der Seite des R5C Full Cage angebracht und erm\u00f6glicht die Befestigung des optionalen HDMI-auf-Micro-HDMI-Adapters und eines optionalen USB-C-Kabels. Dies verhindert, dass sich diese Kabel beim Fotografieren l\u00f6sen und bietet zus\u00e4tzlichen Schutz f\u00fcr [&hellip;]<\/p>\n","protected":false},"featured_media":1967879,"comment_status":"closed","ping_status":"closed","template":"","meta":[],"product_cat":[1047,1088],"product_tag":[],"acf":[],"gallery_images":[1967880],"_links":{"self":[{"href":"https:\/\/eu.tilta.com\/de\/wp-json\/wp\/v2\/product\/1973514"}],"collection":[{"href":"https:\/\/eu.tilta.com\/de\/wp-json\/wp\/v2\/product"}],"about":[{"href":"https:\/\/eu.tilta.com\/de\/wp-json\/wp\/v2\/types\/product"}],"replies":[{"embeddable":true,"href":"https:\/\/eu.tilta.com\/de\/wp-json\/wp\/v2\/comments?post=1973514"}],"wp:featuredmedia":[{"embeddable":true,"href":"https:\/\/eu.tilta.com\/de\/wp-json\/wp\/v2\/media\/1967879"}],"wp:attachment":[{"href":"https:\/\/eu.tilta.com\/de\/wp-json\/wp\/v2\/media?parent=1973514"}],"wp:term":[{"taxonomy":"product_cat","embeddable":true,"href":"https:\/\/eu.tilta.com\/de\/wp-json\/wp\/v2\/product_cat?post=1973514"},{"taxonomy":"product_tag","embeddable":true,"href":"https:\/\/eu.tilta.com\/de\/wp-json\/wp\/v2\/product_tag?post=1973514"}],"curies":[{"name":"wp","href":"https:\/\/api.w.org\/{rel}","templated":true}]}}