{"id":1973517,"date":"2022-05-18T09:54:46","date_gmt":"2022-05-18T07:54:46","guid":{"rendered":"https:\/\/de.tilta.com\/shop\/drahtloser-daumen-controller-fuer-dji-ronin\/"},"modified":"2025-12-05T12:12:27","modified_gmt":"2025-12-05T11:12:27","slug":"wireless-thumb-controller-for-dji-ronin","status":"publish","type":"product","link":"https:\/\/eu.tilta.com\/de\/shop\/wireless-thumb-controller-for-dji-ronin\/","title":{"rendered":"Drahtloser Daumen-Controller f\u00fcr DJI Ronin"},"content":{"rendered":"<p>Mit diesem Wireless Thumb Controller f\u00fcr den DJI RS2 und RS3 Pro k\u00f6nnen Sie sowohl den Ronin als auch einen <a href=\"https:\/\/de.tilta.com\/shop\/nucleus-m-wireless-follow-focus\/\">Nucleus M<\/a> oder <a href=\"https:\/\/de.tilta.com\/product-category\/lens-control-systems\/nucleus-nano-wireless-lens-control-system\/\">Nucleus Nano<\/a> Follow Focus Motor drahtlos steuern.<\/p>\n<p>Dieses Ger\u00e4t ist f\u00fcr die Montage am B\u00fcgel Ihres Tilta Float \u00fcber die Monitorhalterung des Systems vorgesehen.<\/p>\n<p>Der Controller wird \u00fcber <a href=\"https:\/\/www.bhphotovideo.com\/c\/product\/1498986-REG\/gopro_ajbat_001_rechargeable_li_ion_battery_for.html\/?ap=y&amp;ap=y&amp;smp=y&amp;smp=y&amp;lsft=BI%3A514&amp;gclid=Cj0KCQjwidSWBhDdARIsAIoTVb2qTaI2ceUdPUqS9Z6NSyfc3K5TrendVjlE4hcFNSmLOrQZTvZi0bMaAlyoEALw_wcB\">Go Pro 5-8 Batterien<\/a> betrieben und verf\u00fcgt \u00fcber einen USB-C-Anschluss, der f\u00fcr zuk\u00fcnftige Firmware-Updates genutzt werden kann. Bitte beachten Sie, dass wir nicht empfehlen, das Ger\u00e4t \u00fcber diesen Anschluss zu betreiben.<\/p>\n<p>Dieser Controller dient als Ersatz f\u00fcr den im <a href=\"https:\/\/de.tilta.com\/shop\/tilta-float-handheld-gimbal-support-system\/\">Tilta Float Handheld Gimbal Support System<\/a> enthaltenen Controller und kann auch unabh\u00e4ngig davon mit dem <a href=\"https:\/\/de.tilta.com\/shop\/wireless-control-receiver-module-for-rs-2\/\">Wireless Control Receiver Module f\u00fcr RS 2<\/a> verwendet werden.<\/p>\n<p><strong>HINWEIS: Die Aufnahmefunktion ist nicht mit Motoren der Nucleus Serie kompatibel.<\/strong><\/p>\n<p>RS3\/RS3 Pro: Die M-Taste ist NICHT in der Lage, die Funktion des Gimbals zu imitieren. Mit der Taste M auf diesem Ger\u00e4t k\u00f6nnen Sie NUR die Moduseinstellung \u00e4ndern.<\/p>\n","protected":false},"excerpt":{"rendered":"<p>Mit diesem Wireless Thumb Controller f\u00fcr den DJI RS2 und RS3 Pro k\u00f6nnen Sie sowohl den Ronin als auch einen Nucleus M oder Nucleus Nano Follow Focus Motor drahtlos steuern. Dieses Ger\u00e4t ist f\u00fcr die Montage am B\u00fcgel Ihres Tilta [&hellip;]<\/p>\n","protected":false},"featured_media":1967846,"comment_status":"closed","ping_status":"closed","template":"","meta":[],"product_cat":[1049],"product_tag":[],"acf":[],"gallery_images":[1967847],"_links":{"self":[{"href":"https:\/\/eu.tilta.com\/de\/wp-json\/wp\/v2\/product\/1973517"}],"collection":[{"href":"https:\/\/eu.tilta.com\/de\/wp-json\/wp\/v2\/product"}],"about":[{"href":"https:\/\/eu.tilta.com\/de\/wp-json\/wp\/v2\/types\/product"}],"replies":[{"embeddable":true,"href":"https:\/\/eu.tilta.com\/de\/wp-json\/wp\/v2\/comments?post=1973517"}],"wp:featuredmedia":[{"embeddable":true,"href":"https:\/\/eu.tilta.com\/de\/wp-json\/wp\/v2\/media\/1967846"}],"wp:attachment":[{"href":"https:\/\/eu.tilta.com\/de\/wp-json\/wp\/v2\/media?parent=1973517"}],"wp:term":[{"taxonomy":"product_cat","embeddable":true,"href":"https:\/\/eu.tilta.com\/de\/wp-json\/wp\/v2\/product_cat?post=1973517"},{"taxonomy":"product_tag","embeddable":true,"href":"https:\/\/eu.tilta.com\/de\/wp-json\/wp\/v2\/product_tag?post=1973517"}],"curies":[{"name":"wp","href":"https:\/\/api.w.org\/{rel}","templated":true}]}}