{"id":1973518,"date":"2022-05-12T13:52:53","date_gmt":"2022-05-12T11:52:53","guid":{"rendered":"https:\/\/de.tilta.com\/shop\/hydra-alien-kleiner-saugnapf\/"},"modified":"2025-12-05T12:12:28","modified_gmt":"2025-12-05T11:12:28","slug":"hydra-alien-small-suction-cup","status":"publish","type":"product","link":"https:\/\/eu.tilta.com\/de\/shop\/hydra-alien-small-suction-cup\/","title":{"rendered":"Hydra Alien Kleiner Saugnapf"},"content":{"rendered":"<p>Dieser Saugnapf dient als Ersatz f\u00fcr die Saugn\u00e4pfe, die im <a href=\"https:\/\/de.tilta.com\/shop\/hydra-alien-car-mounting-system\/\">Hydra Alien Car Mounting System<\/a> enthalten sind, und kann auch zus\u00e4tzlich zum Original-Kit verwendet werden, um gr\u00f6\u00dfere und sicherere Rigs zu bauen.<\/p>\n<p>Dieser Saugnapf kann an jede der Hydra Alien Dovetail-Platten angeschlossen werden, so dass sie in verschiedenen Positionen platziert werden k\u00f6nnen, um die meisten Fahrzeuge aufzunehmen.<\/p>\n<p>Durch die Verwendung mehrerer Saugn\u00e4pfe k\u00f6nnen Sie eine unglaublich stabile Basis schaffen, auf der Sie den Hydra Alien in verschiedenen Konfigurationen montieren k\u00f6nnen.<\/p>\n<p>Dieser kleine Saugnapf ist f\u00fcr 50 kg oder ca. 110 lbs ausgelegt.<\/p>\n","protected":false},"excerpt":{"rendered":"<p>Dieser Saugnapf dient als Ersatz f\u00fcr die Saugn\u00e4pfe, die im Hydra Alien Car Mounting System enthalten sind, und kann auch zus\u00e4tzlich zum Original-Kit verwendet werden, um gr\u00f6\u00dfere und sicherere Rigs zu bauen. Dieser Saugnapf kann an jede der Hydra Alien [&hellip;]<\/p>\n","protected":false},"featured_media":1967843,"comment_status":"closed","ping_status":"closed","template":"","meta":[],"product_cat":[1138,1062,1275],"product_tag":[],"acf":[],"gallery_images":[1967844],"_links":{"self":[{"href":"https:\/\/eu.tilta.com\/de\/wp-json\/wp\/v2\/product\/1973518"}],"collection":[{"href":"https:\/\/eu.tilta.com\/de\/wp-json\/wp\/v2\/product"}],"about":[{"href":"https:\/\/eu.tilta.com\/de\/wp-json\/wp\/v2\/types\/product"}],"replies":[{"embeddable":true,"href":"https:\/\/eu.tilta.com\/de\/wp-json\/wp\/v2\/comments?post=1973518"}],"wp:featuredmedia":[{"embeddable":true,"href":"https:\/\/eu.tilta.com\/de\/wp-json\/wp\/v2\/media\/1967843"}],"wp:attachment":[{"href":"https:\/\/eu.tilta.com\/de\/wp-json\/wp\/v2\/media?parent=1973518"}],"wp:term":[{"taxonomy":"product_cat","embeddable":true,"href":"https:\/\/eu.tilta.com\/de\/wp-json\/wp\/v2\/product_cat?post=1973518"},{"taxonomy":"product_tag","embeddable":true,"href":"https:\/\/eu.tilta.com\/de\/wp-json\/wp\/v2\/product_tag?post=1973518"}],"curies":[{"name":"wp","href":"https:\/\/api.w.org\/{rel}","templated":true}]}}