{"id":1973519,"date":"2022-05-18T10:09:47","date_gmt":"2022-05-18T08:09:47","guid":{"rendered":"https:\/\/de.tilta.com\/shop\/tilta-float-system-monitorhalterung\/"},"modified":"2025-12-05T12:12:28","modified_gmt":"2025-12-05T11:12:28","slug":"tilta-float-system-monitor-bracket","status":"publish","type":"product","link":"https:\/\/eu.tilta.com\/de\/shop\/tilta-float-system-monitor-bracket\/","title":{"rendered":"Tilta Float System Monitorhalterung"},"content":{"rendered":"<p>Diese Monitorhalterung ist f\u00fcr die Montage am B\u00fcgel des Tilta Float vorgesehen, um den <a href=\"https:\/\/de.tilta.com\/shop\/wireless-thumb-controller-for-rs-2\/#\">Wireless Thumb Controller f\u00fcr RS 2<\/a> und anderes Zubeh\u00f6r wie einen externen Monitor zu befestigen.<\/p>\n<p>Diese Halterung verf\u00fcgt \u00fcber einen 1\/4&#8243;-20 Befestigungspunkt sowie zwei Cold Shoe-Empf\u00e4nger, mit denen Sie einen externen Monitor \u00fcber unsere <a href=\"https:\/\/de.tilta.com\/shop\/tiltaing-adjustable-cold-shoe-accessory-mounting-bracket\/\">Cold Shoe-Monitorhalterung<\/a> befestigen k\u00f6nnen.<\/p>\n<p>Diese Cold Shoe Montageplatte ist verstellbar und erm\u00f6glicht es Ihnen, den Monitor so zu positionieren, dass Ihr Bewegungsspielraum bei der Verwendung des Float nicht eingeschr\u00e4nkt wird.<\/p>\n<p>Diese Halterung dient als Ersatz f\u00fcr die Halterung, die im <a href=\"https:\/\/de.tilta.com\/shop\/tilta-float-handheld-gimbal-support-system\/\">Tilta Float Handheld Gimbal Support System<\/a> enthalten ist <a href=\"https:\/\/de.tilta.com\/shop\/tilta-float-handheld-gimbal-support-system\/\">.<\/a><\/p>\n","protected":false},"excerpt":{"rendered":"<p>Diese Monitorhalterung ist f\u00fcr die Montage am B\u00fcgel des Tilta Float vorgesehen, um den Wireless Thumb Controller f\u00fcr RS 2 und anderes Zubeh\u00f6r wie einen externen Monitor zu befestigen. Diese Halterung verf\u00fcgt \u00fcber einen 1\/4&#8243;-20 Befestigungspunkt sowie zwei Cold Shoe-Empf\u00e4nger, [&hellip;]<\/p>\n","protected":false},"featured_media":1967848,"comment_status":"closed","ping_status":"closed","template":"","meta":[],"product_cat":[1049],"product_tag":[],"acf":[],"gallery_images":[1922287],"_links":{"self":[{"href":"https:\/\/eu.tilta.com\/de\/wp-json\/wp\/v2\/product\/1973519"}],"collection":[{"href":"https:\/\/eu.tilta.com\/de\/wp-json\/wp\/v2\/product"}],"about":[{"href":"https:\/\/eu.tilta.com\/de\/wp-json\/wp\/v2\/types\/product"}],"replies":[{"embeddable":true,"href":"https:\/\/eu.tilta.com\/de\/wp-json\/wp\/v2\/comments?post=1973519"}],"wp:featuredmedia":[{"embeddable":true,"href":"https:\/\/eu.tilta.com\/de\/wp-json\/wp\/v2\/media\/1967848"}],"wp:attachment":[{"href":"https:\/\/eu.tilta.com\/de\/wp-json\/wp\/v2\/media?parent=1973519"}],"wp:term":[{"taxonomy":"product_cat","embeddable":true,"href":"https:\/\/eu.tilta.com\/de\/wp-json\/wp\/v2\/product_cat?post=1973519"},{"taxonomy":"product_tag","embeddable":true,"href":"https:\/\/eu.tilta.com\/de\/wp-json\/wp\/v2\/product_tag?post=1973519"}],"curies":[{"name":"wp","href":"https:\/\/api.w.org\/{rel}","templated":true}]}}