{"id":1973520,"date":"2022-03-04T11:46:44","date_gmt":"2022-03-04T10:46:44","guid":{"rendered":"https:\/\/de.tilta.com\/shop\/filterschutzglas-fuer-tilta-mirage\/"},"modified":"2025-12-19T16:09:23","modified_gmt":"2025-12-19T15:09:23","slug":"filterschutzglas-fuer-tilta-mirage","status":"publish","type":"product","link":"https:\/\/eu.tilta.com\/de\/shop\/filterschutzglas-fuer-tilta-mirage\/","title":{"rendered":"Filterschutzglas f\u00fcr Tilta Mirage"},"content":{"rendered":"<p><span style=\"font-weight: 400\">Dieses Filterschutzglas f\u00fcr Tilta Mirage ist ein klarer Filter, der in Verbindung mit dem Filterschutzrahmen f\u00fcr die Tilta Mirage montiert werden kann.<\/span><\/p>\n<p><span style=\"font-weight: 400\">Damit k\u00f6nnen Sie ganz einfach eine zus\u00e4tzliche Schutzschicht an Ihrer Matte Box anbringen, um Ihre 95 mm Rundfilter besser zu sichern und zu sch\u00fctzen.  <\/span><\/p>\n<p><strong>HINWEIS<\/strong>: Der Filter <span style=\"text-decoration: underline\"><br \/>\n  <strong>ERFORDERT<\/strong><br \/>\n<\/span> den <strong><br \/>\n  <span style=\"text-decoration: underline\">Filterschutzrahmen<\/span><br \/>\n<\/strong> aus dem <span style=\"text-decoration: underline\"><br \/>\n  <strong>Filterschutz-Kit<\/strong><br \/>\n<\/span> f\u00fcr die Montage.<\/p>\n","protected":false},"excerpt":{"rendered":"<p>Dieses Filterschutzglas f\u00fcr Tilta Mirage ist ein klarer Filter, der in Verbindung mit dem Filterschutzrahmen f\u00fcr die Tilta Mirage montiert werden kann. Damit k\u00f6nnen Sie ganz einfach eine zus\u00e4tzliche Schutzschicht an Ihrer Matte Box anbringen, um Ihre 95 mm Rundfilter [&hellip;]<\/p>\n","protected":false},"featured_media":1967653,"comment_status":"closed","ping_status":"closed","template":"","meta":[],"product_cat":[1195],"product_tag":[],"acf":[],"gallery_images":[1967663],"_links":{"self":[{"href":"https:\/\/eu.tilta.com\/de\/wp-json\/wp\/v2\/product\/1973520"}],"collection":[{"href":"https:\/\/eu.tilta.com\/de\/wp-json\/wp\/v2\/product"}],"about":[{"href":"https:\/\/eu.tilta.com\/de\/wp-json\/wp\/v2\/types\/product"}],"replies":[{"embeddable":true,"href":"https:\/\/eu.tilta.com\/de\/wp-json\/wp\/v2\/comments?post=1973520"}],"wp:featuredmedia":[{"embeddable":true,"href":"https:\/\/eu.tilta.com\/de\/wp-json\/wp\/v2\/media\/1967653"}],"wp:attachment":[{"href":"https:\/\/eu.tilta.com\/de\/wp-json\/wp\/v2\/media?parent=1973520"}],"wp:term":[{"taxonomy":"product_cat","embeddable":true,"href":"https:\/\/eu.tilta.com\/de\/wp-json\/wp\/v2\/product_cat?post=1973520"},{"taxonomy":"product_tag","embeddable":true,"href":"https:\/\/eu.tilta.com\/de\/wp-json\/wp\/v2\/product_tag?post=1973520"}],"curies":[{"name":"wp","href":"https:\/\/api.w.org\/{rel}","templated":true}]}}