{"id":1973522,"date":"2022-04-08T09:06:22","date_gmt":"2022-04-08T07:06:22","guid":{"rendered":"https:\/\/de.tilta.com\/shop\/filterschutz-kit-fuer-tilta-mirage\/"},"modified":"2026-04-27T13:16:06","modified_gmt":"2026-04-27T11:16:06","slug":"filter-protector-kit-for-tilta-mirage","status":"publish","type":"product","link":"https:\/\/eu.tilta.com\/de\/shop\/filter-protector-kit-for-tilta-mirage\/","title":{"rendered":"Filterschutz-Kit f\u00fcr Tilta Mirage"},"content":{"rendered":"<p>Dieses Filterschutz-Kit f\u00fcr Tilta Mirage enth\u00e4lt einen Montagerahmen und einen Klarsichtfilter, der \u00fcber den 4\u00d75,65-Filterschlitz der Matte Box gest\u00fclpt werden kann.<\/p>\n<p>Damit k\u00f6nnen Sie ganz einfach eine zus\u00e4tzliche Schutzschicht an Ihrer Matte Box anbringen, um Ihre 95-mm-Rundfilter und das Glas Ihres Objektivs vor Verschmutzungen, Kratzern und Verunreinigungen beim Fotografieren zu sch\u00fctzen.<\/p>\n<p>Sie k\u00f6nnen zus\u00e4tzliche <a href=\"https:\/\/de.tilta.com\/shop\/filter-protector-glass-for-tilta-mirage\/\">Klarsichtfilter<\/a> erwerben, so dass Sie bei riskanteren Motiven wie Stunts oder fahrenden Fahrzeugen immer vorbereitet sind.<\/p>\n<p>Um dieses Kit zu installieren, m\u00fcssen Sie zun\u00e4chst den Klarsichtfilter in die Vorderseite der Matte Box einsetzen, dann den Filterhalter auf den Klarsichtfilter setzen und ihn einrasten lassen.<\/p>\n","protected":false},"excerpt":{"rendered":"<p>Dieses Filterschutz-Kit f\u00fcr Tilta Mirage enth\u00e4lt einen Montagerahmen und einen Klarsichtfilter, der \u00fcber den 4\u00d75,65-Filterschlitz der Matte Box gest\u00fclpt werden kann. Damit k\u00f6nnen Sie ganz einfach eine zus\u00e4tzliche Schutzschicht an Ihrer Matte Box anbringen, um Ihre 95-mm-Rundfilter und das Glas [&hellip;]<\/p>\n","protected":false},"featured_media":1967759,"comment_status":"closed","ping_status":"closed","template":"","meta":[],"product_cat":[1195],"product_tag":[],"acf":[],"gallery_images":[1967761,1967762,1967760],"_links":{"self":[{"href":"https:\/\/eu.tilta.com\/de\/wp-json\/wp\/v2\/product\/1973522"}],"collection":[{"href":"https:\/\/eu.tilta.com\/de\/wp-json\/wp\/v2\/product"}],"about":[{"href":"https:\/\/eu.tilta.com\/de\/wp-json\/wp\/v2\/types\/product"}],"replies":[{"embeddable":true,"href":"https:\/\/eu.tilta.com\/de\/wp-json\/wp\/v2\/comments?post=1973522"}],"wp:featuredmedia":[{"embeddable":true,"href":"https:\/\/eu.tilta.com\/de\/wp-json\/wp\/v2\/media\/1967759"}],"wp:attachment":[{"href":"https:\/\/eu.tilta.com\/de\/wp-json\/wp\/v2\/media?parent=1973522"}],"wp:term":[{"taxonomy":"product_cat","embeddable":true,"href":"https:\/\/eu.tilta.com\/de\/wp-json\/wp\/v2\/product_cat?post=1973522"},{"taxonomy":"product_tag","embeddable":true,"href":"https:\/\/eu.tilta.com\/de\/wp-json\/wp\/v2\/product_tag?post=1973522"}],"curies":[{"name":"wp","href":"https:\/\/api.w.org\/{rel}","templated":true}]}}