{"id":1973523,"date":"2022-04-08T09:31:14","date_gmt":"2022-04-08T07:31:14","guid":{"rendered":"https:\/\/de.tilta.com\/shop\/tilta-monitorhalterung-fuer-atomos-ninja-v-schwarz\/"},"modified":"2025-12-05T12:12:47","modified_gmt":"2025-12-05T11:12:47","slug":"tiltaing-monitor-cage-for-atomos-ninja-v-black","status":"publish","type":"product","link":"https:\/\/eu.tilta.com\/de\/shop\/tiltaing-monitor-cage-for-atomos-ninja-v-black\/","title":{"rendered":"Tilta Monitorhalterung f\u00fcr Atomos Ninja V &#8211; Schwarz"},"content":{"rendered":"<p>Dieser Monitork\u00e4fig f\u00fcr den Atomos Ninja V &amp; V+ bietet zus\u00e4tzlichen Schutz f\u00fcr Ihren Monitor und erweitert gleichzeitig Ihre M\u00f6glichkeiten f\u00fcr die Montage des Monitors und von Zubeh\u00f6r.<\/p>\n<p>Dieser K\u00e4fig verf\u00fcgt \u00fcber mehrere 1\/4&#8243;-20 Gewinde mit und ohne Passstifte, um Zubeh\u00f6r am K\u00e4fig zu befestigen oder den gesamten K\u00e4fig an Ihrer Kamera, Ihrem Tr\u00e4gersystem oder Ihrer Follow Focus Station zu befestigen.<\/p>\n<p>An der Oberseite des K\u00e4figs befindet sich eine NATO-Schiene f\u00fcr die Montage von zus\u00e4tzlichem Zubeh\u00f6r wie unserem <a href=\"https:\/\/de.tilta.com\/shop\/tiltaing-compact-nato-top-handle-black\/\">NATO Top Handle<\/a> oder dem <a href=\"https:\/\/de.tilta.com\/shop\/wireless-controller-for-tilta-mirage\/\">Wireless Controller f\u00fcr Tilta Mirage<\/a>, der mit dem <a href=\"https:\/\/de.tilta.com\/shop\/95mm-variable-nd-for-tilta-mirage\/\">variablen ND-Filter<\/a> einer <a href=\"https:\/\/de.tilta.com\/shop\/tilta-mirage-matte-box\/\">Mirage Matte Box<\/a> oder einem <a href=\"https:\/\/de.tilta.com\/product-category\/lens-control-systems\/\">drahtlosen Objektivsteuerungsmotor<\/a> verbunden werden kann.<\/p>\n<p>Der integrierte Cold Shoe Receiver kann in Verbindung mit unserer <a href=\"https:\/\/de.tilta.com\/shop\/tiltaing-adjustable-cold-shoe-accessory-mounting-bracket\/\">Cold Shoe Bracket<\/a> verwendet werden, um einen zus\u00e4tzlichen Monitor auf dem K\u00e4fig zu montieren und so eine Multi-Cam-\u00dcberwachung zu erm\u00f6glichen.<\/p>\n<p>Sie k\u00f6nnten diesen Befestigungspunkt auch nutzen, um ein Telefon \u00fcber unsere <a href=\"https:\/\/de.tilta.com\/shop\/tiltaing-adjustable-cold-shoe-phone-mounting-bracket\/\">Cold Shoe Telefonhalterung<\/a> zu befestigen, mit der Sie Ihre Kameraeinstellungen f\u00fcr Kamerasysteme mit Steuerungs-Apps wie die RED Komodo bequem anpassen k\u00f6nnen.<\/p>\n<p>Mit der mitgelieferten Kabelklemme k\u00f6nnen Sie Ihre HDMI-Kabel sichern und verhindern, dass sie sich w\u00e4hrend der Aufnahme l\u00f6sen.<\/p>\n<p>Dies kann dazu beitragen, den Anschluss Ihres Monitors zu sch\u00fctzen und bietet gleichzeitig zus\u00e4tzliche Sicherheit bei externen Aufnahmen.<\/p>\n<p>&nbsp;<\/p>\n","protected":false},"excerpt":{"rendered":"<p>Dieser Monitork\u00e4fig f\u00fcr den Atomos Ninja V &amp; V+ bietet zus\u00e4tzlichen Schutz f\u00fcr Ihren Monitor und erweitert gleichzeitig Ihre M\u00f6glichkeiten f\u00fcr die Montage des Monitors und von Zubeh\u00f6r. Dieser K\u00e4fig verf\u00fcgt \u00fcber mehrere 1\/4&#8243;-20 Gewinde mit und ohne Passstifte, um [&hellip;]<\/p>\n","protected":false},"featured_media":1967763,"comment_status":"closed","ping_status":"closed","template":"","meta":[],"product_cat":[1211],"product_tag":[],"acf":[],"gallery_images":[1967764,1967765,1967766],"_links":{"self":[{"href":"https:\/\/eu.tilta.com\/de\/wp-json\/wp\/v2\/product\/1973523"}],"collection":[{"href":"https:\/\/eu.tilta.com\/de\/wp-json\/wp\/v2\/product"}],"about":[{"href":"https:\/\/eu.tilta.com\/de\/wp-json\/wp\/v2\/types\/product"}],"replies":[{"embeddable":true,"href":"https:\/\/eu.tilta.com\/de\/wp-json\/wp\/v2\/comments?post=1973523"}],"wp:featuredmedia":[{"embeddable":true,"href":"https:\/\/eu.tilta.com\/de\/wp-json\/wp\/v2\/media\/1967763"}],"wp:attachment":[{"href":"https:\/\/eu.tilta.com\/de\/wp-json\/wp\/v2\/media?parent=1973523"}],"wp:term":[{"taxonomy":"product_cat","embeddable":true,"href":"https:\/\/eu.tilta.com\/de\/wp-json\/wp\/v2\/product_cat?post=1973523"},{"taxonomy":"product_tag","embeddable":true,"href":"https:\/\/eu.tilta.com\/de\/wp-json\/wp\/v2\/product_tag?post=1973523"}],"curies":[{"name":"wp","href":"https:\/\/api.w.org\/{rel}","templated":true}]}}