{"id":1973524,"date":"2022-03-25T13:17:10","date_gmt":"2022-03-25T12:17:10","guid":{"rendered":"https:\/\/de.tilta.com\/shop\/soft-shell-case-for-advanced-ring-grip\/"},"modified":"2026-05-04T15:46:38","modified_gmt":"2026-05-04T13:46:38","slug":"soft-shell-case-for-advanced-ring-grip","status":"publish","type":"product","link":"https:\/\/eu.tilta.com\/de\/shop\/soft-shell-case-for-advanced-ring-grip\/","title":{"rendered":"Soft Shell Tasche f\u00fcr Advanced Ring Grip"},"content":{"rendered":"<p>Dieses Soft Shell Case wurde entwickelt, um den Basic\/Advanced Ring Grip, den DJI RS2 Gimbal und anderes relevantes DJI Ecosystem-Zubeh\u00f6r aufzubewahren und zu sch\u00fctzen.<\/p>\n<p>So k\u00f6nnen Sie den Ring Grip und den RS2 sicher zwischen verschiedenen Aufnahmeorten transportieren und ordentlich verstauen, wenn er nicht in Gebrauch ist.<\/p>\n<p>Die eingebauten Trennw\u00e4nde erm\u00f6glichen es Ihnen, Ihre Ausr\u00fcstung, Ihr Zubeh\u00f6r und Ihre verschiedenen Kabel zu organisieren.<\/p>\n<p>Das doppelseitige Design maximiert den Platz und bietet Platz f\u00fcr fast jede Gr\u00f6\u00dfe des RS2.<\/p>\n<p>Das wasserdichte Polyesterdesign sch\u00fctzt die Tasche vor Gefahren wie Regen und Schnee und verhindert gleichzeitig, dass sich beim Fliegen mit der Tasche Luftdruck aufbaut.<\/p>\n<p>Der Koffer verf\u00fcgt au\u00dferdem \u00fcber eine Trolley-H\u00fclle, mit der Sie den Koffer einfach an Ihrem Gep\u00e4ck oder dem Griff Ihres Pelikan-Koffers befestigen k\u00f6nnen.<\/p>\n","protected":false},"excerpt":{"rendered":"<p>Dieses Soft Shell Case wurde entwickelt, um den Basic\/Advanced Ring Grip, den DJI RS2 Gimbal und anderes relevantes DJI Ecosystem-Zubeh\u00f6r aufzubewahren und zu sch\u00fctzen. So k\u00f6nnen Sie den Ring Grip und den RS2 sicher zwischen verschiedenen Aufnahmeorten transportieren und ordentlich [&hellip;]<\/p>\n","protected":false},"featured_media":1969512,"comment_status":"closed","ping_status":"closed","template":"","meta":[],"product_cat":[1057,1278],"product_tag":[],"acf":[],"gallery_images":[1969513,1967746,1967744],"_links":{"self":[{"href":"https:\/\/eu.tilta.com\/de\/wp-json\/wp\/v2\/product\/1973524"}],"collection":[{"href":"https:\/\/eu.tilta.com\/de\/wp-json\/wp\/v2\/product"}],"about":[{"href":"https:\/\/eu.tilta.com\/de\/wp-json\/wp\/v2\/types\/product"}],"replies":[{"embeddable":true,"href":"https:\/\/eu.tilta.com\/de\/wp-json\/wp\/v2\/comments?post=1973524"}],"wp:featuredmedia":[{"embeddable":true,"href":"https:\/\/eu.tilta.com\/de\/wp-json\/wp\/v2\/media\/1969512"}],"wp:attachment":[{"href":"https:\/\/eu.tilta.com\/de\/wp-json\/wp\/v2\/media?parent=1973524"}],"wp:term":[{"taxonomy":"product_cat","embeddable":true,"href":"https:\/\/eu.tilta.com\/de\/wp-json\/wp\/v2\/product_cat?post=1973524"},{"taxonomy":"product_tag","embeddable":true,"href":"https:\/\/eu.tilta.com\/de\/wp-json\/wp\/v2\/product_tag?post=1973524"}],"curies":[{"name":"wp","href":"https:\/\/api.w.org\/{rel}","templated":true}]}}