{"id":1973525,"date":"2022-03-04T09:35:36","date_gmt":"2022-03-04T08:35:36","guid":{"rendered":"https:\/\/de.tilta.com\/shop\/mechanische-verlaengerung-fuer-dual-handle-power-supply-halterung\/"},"modified":"2025-12-05T12:12:48","modified_gmt":"2025-12-05T11:12:48","slug":"mechanical-extension-for-dual-handle-power-supply-bracket","status":"publish","type":"product","link":"https:\/\/eu.tilta.com\/de\/shop\/mechanical-extension-for-dual-handle-power-supply-bracket\/","title":{"rendered":"Mechanische Verl\u00e4ngerung f\u00fcr Dual Handle Power Supply Halterung"},"content":{"rendered":"<p>Diese mechanische Verl\u00e4ngerung wird \u00fcber eine NATO-Schiene mit der Dual Handle Power Supply Bracket verbunden, um zus\u00e4tzliches Zubeh\u00f6r zu montieren und einen zweiten Kontaktpunkt f\u00fcr die Bedienung zu schaffen.<\/p>\n<p>Dieses Zubeh\u00f6rteil fungiert als Ersatzteil f\u00fcr das im Kit enthaltene und kann \u00fcber die universellen Anschlusspunkte wie NATO, 1\/4&#8243;-20 und Cold Shoe auch in anderen DIY-Konfigurationen verwendet werden.<\/p>\n","protected":false},"excerpt":{"rendered":"<p>Diese mechanische Verl\u00e4ngerung wird \u00fcber eine NATO-Schiene mit der Dual Handle Power Supply Bracket verbunden, um zus\u00e4tzliches Zubeh\u00f6r zu montieren und einen zweiten Kontaktpunkt f\u00fcr die Bedienung zu schaffen. Dieses Zubeh\u00f6rteil fungiert als Ersatzteil f\u00fcr das im Kit enthaltene und [&hellip;]<\/p>\n","protected":false},"featured_media":1967672,"comment_status":"closed","ping_status":"closed","template":"","meta":[],"product_cat":[1050,1077],"product_tag":[],"acf":[],"gallery_images":[1967673,1967689],"_links":{"self":[{"href":"https:\/\/eu.tilta.com\/de\/wp-json\/wp\/v2\/product\/1973525"}],"collection":[{"href":"https:\/\/eu.tilta.com\/de\/wp-json\/wp\/v2\/product"}],"about":[{"href":"https:\/\/eu.tilta.com\/de\/wp-json\/wp\/v2\/types\/product"}],"replies":[{"embeddable":true,"href":"https:\/\/eu.tilta.com\/de\/wp-json\/wp\/v2\/comments?post=1973525"}],"wp:featuredmedia":[{"embeddable":true,"href":"https:\/\/eu.tilta.com\/de\/wp-json\/wp\/v2\/media\/1967672"}],"wp:attachment":[{"href":"https:\/\/eu.tilta.com\/de\/wp-json\/wp\/v2\/media?parent=1973525"}],"wp:term":[{"taxonomy":"product_cat","embeddable":true,"href":"https:\/\/eu.tilta.com\/de\/wp-json\/wp\/v2\/product_cat?post=1973525"},{"taxonomy":"product_tag","embeddable":true,"href":"https:\/\/eu.tilta.com\/de\/wp-json\/wp\/v2\/product_tag?post=1973525"}],"curies":[{"name":"wp","href":"https:\/\/api.w.org\/{rel}","templated":true}]}}