{"id":1973532,"date":"2022-03-03T09:48:59","date_gmt":"2022-03-03T08:48:59","guid":{"rendered":"https:\/\/de.tilta.com\/shop\/tilta-dual-15mm-rutenhalterung-schwarz\/"},"modified":"2025-12-05T12:12:50","modified_gmt":"2025-12-05T11:12:50","slug":"tiltaing-dual-15mm-rod-holder-attachment-black","status":"publish","type":"product","link":"https:\/\/eu.tilta.com\/de\/shop\/tiltaing-dual-15mm-rod-holder-attachment-black\/","title":{"rendered":"Tilta Dual 15mm Rutenhalterung &#8211; Schwarz"},"content":{"rendered":"<p>Mit diesem dualen 15-mm-Rutenhalter k\u00f6nnen Sie 15-mm-LWS-Ruten an Ihrem Nikon Z9-Kamerak\u00e4fig befestigen und dabei die korrekte H\u00f6henausrichtung f\u00fcr den LWS-Standard beibehalten.<\/p>\n<p>Dieser Aufsatz wird \u00fcber zwei Kontaktpunkte mit der Vorderseite des K\u00e4figs verbunden und gew\u00e4hrleistet so eine sichere Verbindung zwischen Aufsatz und K\u00e4fig.<\/p>\n<p>Diese verdrehsichere Konstruktion sorgt auch daf\u00fcr, dass \u00fcber diese Stangen montiertes Zubeh\u00f6r wie Matteboxen oder Follow-Focus-Systeme sicher bleiben, ohne so viel Gewicht und Gr\u00f6\u00dfe wie herk\u00f6mmliche Grundplatten hinzuzuf\u00fcgen.<\/p>\n","protected":false},"excerpt":{"rendered":"<p>Mit diesem dualen 15-mm-Rutenhalter k\u00f6nnen Sie 15-mm-LWS-Ruten an Ihrem Nikon Z9-Kamerak\u00e4fig befestigen und dabei die korrekte H\u00f6henausrichtung f\u00fcr den LWS-Standard beibehalten. Dieser Aufsatz wird \u00fcber zwei Kontaktpunkte mit der Vorderseite des K\u00e4figs verbunden und gew\u00e4hrleistet so eine sichere Verbindung zwischen [&hellip;]<\/p>\n","protected":false},"featured_media":1967635,"comment_status":"closed","ping_status":"closed","template":"","meta":[],"product_cat":[1102],"product_tag":[],"acf":[],"gallery_images":[1918317],"_links":{"self":[{"href":"https:\/\/eu.tilta.com\/de\/wp-json\/wp\/v2\/product\/1973532"}],"collection":[{"href":"https:\/\/eu.tilta.com\/de\/wp-json\/wp\/v2\/product"}],"about":[{"href":"https:\/\/eu.tilta.com\/de\/wp-json\/wp\/v2\/types\/product"}],"replies":[{"embeddable":true,"href":"https:\/\/eu.tilta.com\/de\/wp-json\/wp\/v2\/comments?post=1973532"}],"wp:featuredmedia":[{"embeddable":true,"href":"https:\/\/eu.tilta.com\/de\/wp-json\/wp\/v2\/media\/1967635"}],"wp:attachment":[{"href":"https:\/\/eu.tilta.com\/de\/wp-json\/wp\/v2\/media?parent=1973532"}],"wp:term":[{"taxonomy":"product_cat","embeddable":true,"href":"https:\/\/eu.tilta.com\/de\/wp-json\/wp\/v2\/product_cat?post=1973532"},{"taxonomy":"product_tag","embeddable":true,"href":"https:\/\/eu.tilta.com\/de\/wp-json\/wp\/v2\/product_tag?post=1973532"}],"curies":[{"name":"wp","href":"https:\/\/api.w.org\/{rel}","templated":true}]}}