{"id":1973534,"date":"2022-03-02T15:21:48","date_gmt":"2022-03-02T14:21:48","guid":{"rendered":"https:\/\/de.tilta.com\/shop\/speed-rail-montage-saugnapf\/"},"modified":"2025-12-05T12:12:51","modified_gmt":"2025-12-05T11:12:51","slug":"speed-rail-mounting-suction-cup","status":"publish","type":"product","link":"https:\/\/eu.tilta.com\/de\/shop\/speed-rail-mounting-suction-cup\/","title":{"rendered":"Speed Rail Montage Saugnapf"},"content":{"rendered":"<p>Dieser Saugnapf mit hoher Kapazit\u00e4t ist individuell f\u00fcr 50 kg oder etwa 110 lbs ausgelegt.<\/p>\n<p>Diese Saugn\u00e4pfe werden \u00fcber verstellbare Klemmen an der 50-mm-Blitzschiene befestigt, so dass sie in fast jeder Position angebracht werden k\u00f6nnen, um die meisten Fahrzeuge problemlos aufzunehmen.<\/p>\n<p>Durch die Verwendung mehrerer Saugn\u00e4pfe k\u00f6nnen Sie eine unglaublich stabile Basis schaffen, auf der Sie sto\u00dfd\u00e4mpfende Arme oder andere Ger\u00e4te befestigen k\u00f6nnen.<\/p>\n<p>Dieser Saugnapf dient als Ersatz f\u00fcr die im <a href=\"https:\/\/de.tilta.com\/shop\/speed-rail-car-mounting-kit\/\">Speed Rail Car Mounting Kit<\/a> enthaltenen Saugn\u00e4pfe und kann auch zus\u00e4tzlich zum Original-Kit verwendet werden, um gr\u00f6\u00dfere oder sicherere Rigs zu bauen.<\/p>\n","protected":false},"excerpt":{"rendered":"<p>Dieser Saugnapf mit hoher Kapazit\u00e4t ist individuell f\u00fcr 50 kg oder etwa 110 lbs ausgelegt. Diese Saugn\u00e4pfe werden \u00fcber verstellbare Klemmen an der 50-mm-Blitzschiene befestigt, so dass sie in fast jeder Position angebracht werden k\u00f6nnen, um die meisten Fahrzeuge problemlos [&hellip;]<\/p>\n","protected":false},"featured_media":1967629,"comment_status":"closed","ping_status":"closed","template":"","meta":[],"product_cat":[1063,1275],"product_tag":[],"acf":[],"gallery_images":[],"_links":{"self":[{"href":"https:\/\/eu.tilta.com\/de\/wp-json\/wp\/v2\/product\/1973534"}],"collection":[{"href":"https:\/\/eu.tilta.com\/de\/wp-json\/wp\/v2\/product"}],"about":[{"href":"https:\/\/eu.tilta.com\/de\/wp-json\/wp\/v2\/types\/product"}],"replies":[{"embeddable":true,"href":"https:\/\/eu.tilta.com\/de\/wp-json\/wp\/v2\/comments?post=1973534"}],"wp:featuredmedia":[{"embeddable":true,"href":"https:\/\/eu.tilta.com\/de\/wp-json\/wp\/v2\/media\/1967629"}],"wp:attachment":[{"href":"https:\/\/eu.tilta.com\/de\/wp-json\/wp\/v2\/media?parent=1973534"}],"wp:term":[{"taxonomy":"product_cat","embeddable":true,"href":"https:\/\/eu.tilta.com\/de\/wp-json\/wp\/v2\/product_cat?post=1973534"},{"taxonomy":"product_tag","embeddable":true,"href":"https:\/\/eu.tilta.com\/de\/wp-json\/wp\/v2\/product_tag?post=1973534"}],"curies":[{"name":"wp","href":"https:\/\/api.w.org\/{rel}","templated":true}]}}