{"id":1973535,"date":"2022-03-02T15:05:52","date_gmt":"2022-03-02T14:05:52","guid":{"rendered":"https:\/\/de.tilta.com\/shop\/speed-rail-set\/"},"modified":"2025-12-05T12:12:51","modified_gmt":"2025-12-05T11:12:51","slug":"speed-rail-set","status":"publish","type":"product","link":"https:\/\/eu.tilta.com\/de\/shop\/speed-rail-set\/","title":{"rendered":"Speed Rail Set"},"content":{"rendered":"<p>Dieser Bausatz ist die Grundlage f\u00fcr den Bau individueller Speed Rail Rigs, um verschiedene sto\u00dfd\u00e4mpfende Arme in unterschiedlichen Konfigurationen zu unterst\u00fctzen.<\/p>\n<p>Das Set enth\u00e4lt 6 St\u00fcck 50mm Speed Rail in zwei verschiedenen Gr\u00f6\u00dfen, die einzeln verwendet oder miteinander verbunden werden k\u00f6nnen, um l\u00e4ngere St\u00fccke f\u00fcr spezielle Rigging-Anforderungen zu erstellen.<\/p>\n<p>Dieser Bausatz dient als Ersatz f\u00fcr die im <a href=\"https:\/\/de.tilta.com\/shop\/speed-rail-car-mounting-kit\/\">Speed Rail Car Mounting Kit<\/a> enthaltene Speed Rail und kann auch zusammen mit dem Originalbausatz verwendet werden, um gr\u00f6\u00dfere Rigs zu bauen.<\/p>\n<p>Abmessungen: (Au\u00dfendurchmesser x Innendurchmesser x L\u00e4nge)<\/p>\n<p>Lange Speed Rail &#8211; 50 x 46 x 730mm<\/p>\n<p>Short Speed Rail &#8211; 50 x 46 x 355mm<\/p>\n","protected":false},"excerpt":{"rendered":"<p>Dieser Bausatz ist die Grundlage f\u00fcr den Bau individueller Speed Rail Rigs, um verschiedene sto\u00dfd\u00e4mpfende Arme in unterschiedlichen Konfigurationen zu unterst\u00fctzen. Das Set enth\u00e4lt 6 St\u00fcck 50mm Speed Rail in zwei verschiedenen Gr\u00f6\u00dfen, die einzeln verwendet oder miteinander verbunden werden [&hellip;]<\/p>\n","protected":false},"featured_media":1967628,"comment_status":"closed","ping_status":"closed","template":"","meta":[],"product_cat":[1063],"product_tag":[],"acf":[],"gallery_images":[],"_links":{"self":[{"href":"https:\/\/eu.tilta.com\/de\/wp-json\/wp\/v2\/product\/1973535"}],"collection":[{"href":"https:\/\/eu.tilta.com\/de\/wp-json\/wp\/v2\/product"}],"about":[{"href":"https:\/\/eu.tilta.com\/de\/wp-json\/wp\/v2\/types\/product"}],"replies":[{"embeddable":true,"href":"https:\/\/eu.tilta.com\/de\/wp-json\/wp\/v2\/comments?post=1973535"}],"wp:featuredmedia":[{"embeddable":true,"href":"https:\/\/eu.tilta.com\/de\/wp-json\/wp\/v2\/media\/1967628"}],"wp:attachment":[{"href":"https:\/\/eu.tilta.com\/de\/wp-json\/wp\/v2\/media?parent=1973535"}],"wp:term":[{"taxonomy":"product_cat","embeddable":true,"href":"https:\/\/eu.tilta.com\/de\/wp-json\/wp\/v2\/product_cat?post=1973535"},{"taxonomy":"product_tag","embeddable":true,"href":"https:\/\/eu.tilta.com\/de\/wp-json\/wp\/v2\/product_tag?post=1973535"}],"curies":[{"name":"wp","href":"https:\/\/api.w.org\/{rel}","templated":true}]}}