{"id":1973536,"date":"2022-02-28T17:31:07","date_gmt":"2022-02-28T16:31:07","guid":{"rendered":"https:\/\/de.tilta.com\/shop\/drehbarer-kreisfoermiger-filtereinsatz-fuer-tilta-mirage\/"},"modified":"2026-02-02T16:56:59","modified_gmt":"2026-02-02T15:56:59","slug":"rotatable-circular-filter-tray-for-tilta-mirage","status":"publish","type":"product","link":"https:\/\/eu.tilta.com\/de\/shop\/rotatable-circular-filter-tray-for-tilta-mirage\/","title":{"rendered":"Drehbarer kreisf\u00f6rmiger Filtereinsatz f\u00fcr Tilta Mirage"},"content":{"rendered":"<p>Mit diesem drehbaren Rundfiltereinsatz f\u00fcr Tilta Mirage k\u00f6nnen Sie jeden 95-mm-Rundfilter genauso drehen, wie Sie es mit den drehbaren Modulen tun w\u00fcrden.<\/p>\n<p>Dies ist die perfekte L\u00f6sung f\u00fcr die Feinabstimmung des Winkels unseres <a href=\"https:\/\/de.tilta.com\/shop\/vaxis-%cf%8695-polarizing-filter\/\">95-mm-Polarisationsfilters<\/a>, der dazu beitr\u00e4gt, die Farbgenauigkeit zu verbessern, indem er das reflektierte Licht begrenzt und unerw\u00fcnschte Blendungen durch reflektierende Oberfl\u00e4chen wie Wasser oder Glas verhindert.<\/p>\n<p>Diese Filterablage ist auch eine gro\u00dfartige Option zur Anpassung des Horizonts einiger unserer Effektfilter, wie z.B. unseres <a href=\"https:\/\/de.tilta.com\/shop\/vaxis-%cf%8695-streak-filter\/\">95-mm-Streifenfilters<\/a>, um sicherzustellen, dass alle Streulichtreflexe immer waagerecht in Ihrem Bild sind.<\/p>\n<p>Das verstellbare Zahnrad an der Oberseite des Filters kann von Hand gedreht werden oder f\u00fcr bequemere und pr\u00e4zisere Einstellungen \u00fcber unseren<a href=\"https:\/\/de.tilta.com\/shop\/advanced-control-knob-for-tilta-mirage\/\"> Advanced Control Knob<\/a> aufger\u00fcstet werden.<\/p>\n<p>Diese Filterablage kann auch drahtlos \u00fcber einen Nucleus Nano Motor und unseren <a href=\"https:\/\/de.tilta.com\/shop\/nucleus-nano-motor-adapter-for-tilta-mirage\/\">Nano Motor Adapter<\/a> oder \u00fcber den <a href=\"https:\/\/de.tilta.com\/shop\/wireless-motor-for-tilta-mirage\/\">Wireless Motor f\u00fcr Tilta Mirage<\/a> gesteuert werden <a href=\"https:\/\/de.tilta.com\/shop\/wireless-motor-for-tilta-mirage\/\">.<\/a><\/p>\n","protected":false},"excerpt":{"rendered":"<p>Mit diesem drehbaren Rundfiltereinsatz f\u00fcr Tilta Mirage k\u00f6nnen Sie jeden 95-mm-Rundfilter genauso drehen, wie Sie es mit den drehbaren Modulen tun w\u00fcrden. Dies ist die perfekte L\u00f6sung f\u00fcr die Feinabstimmung des Winkels unseres 95-mm-Polarisationsfilters, der dazu beitr\u00e4gt, die Farbgenauigkeit zu [&hellip;]<\/p>\n","protected":false},"featured_media":1967618,"comment_status":"closed","ping_status":"closed","template":"","meta":[],"product_cat":[1195],"product_tag":[],"acf":[],"gallery_images":[1967660,1967662],"_links":{"self":[{"href":"https:\/\/eu.tilta.com\/de\/wp-json\/wp\/v2\/product\/1973536"}],"collection":[{"href":"https:\/\/eu.tilta.com\/de\/wp-json\/wp\/v2\/product"}],"about":[{"href":"https:\/\/eu.tilta.com\/de\/wp-json\/wp\/v2\/types\/product"}],"replies":[{"embeddable":true,"href":"https:\/\/eu.tilta.com\/de\/wp-json\/wp\/v2\/comments?post=1973536"}],"wp:featuredmedia":[{"embeddable":true,"href":"https:\/\/eu.tilta.com\/de\/wp-json\/wp\/v2\/media\/1967618"}],"wp:attachment":[{"href":"https:\/\/eu.tilta.com\/de\/wp-json\/wp\/v2\/media?parent=1973536"}],"wp:term":[{"taxonomy":"product_cat","embeddable":true,"href":"https:\/\/eu.tilta.com\/de\/wp-json\/wp\/v2\/product_cat?post=1973536"},{"taxonomy":"product_tag","embeddable":true,"href":"https:\/\/eu.tilta.com\/de\/wp-json\/wp\/v2\/product_tag?post=1973536"}],"curies":[{"name":"wp","href":"https:\/\/api.w.org\/{rel}","templated":true}]}}