{"id":1973537,"date":"2022-02-23T10:15:03","date_gmt":"2022-02-23T09:15:03","guid":{"rendered":"https:\/\/de.tilta.com\/shop\/hdmi-stecker-auf-hdmi-buchse-kabel-17cm\/"},"modified":"2025-12-12T11:49:17","modified_gmt":"2025-12-12T10:49:17","slug":"hdmi-male-to-hdmi-female-cable-17cm","status":"publish","type":"product","link":"https:\/\/eu.tilta.com\/de\/shop\/hdmi-male-to-hdmi-female-cable-17cm\/","title":{"rendered":"HDMI Stecker auf HDMI Buchse Kabel (17cm)"},"content":{"rendered":"<p>Dieses Kabel wurde f\u00fcr alle Tiltaing Kamerak\u00e4fige entwickelt.<\/p>\n<p>Er wird in den HDMI-Anschluss der Kamera eingesteckt und passt ihn an einen weiblichen HDMI-Anschluss an.<\/p>\n<p>Dies schafft einen ergonomischeren Weg f\u00fcr Ihr HDMI-Kabel und erm\u00f6glicht es Ihnen, das Kabel an Ihrem Tiltaing-K\u00e4fig zu befestigen, was den Anschluss am Kamerageh\u00e4use sch\u00fctzt.<\/p>\n<p>Kompatibel mit allen unseren HDMI-Kabelklemmen in voller Gr\u00f6\u00dfe.<\/p>\n<p>&nbsp;<\/p>\n","protected":false},"excerpt":{"rendered":"<p>Dieses Kabel wurde f\u00fcr alle Tiltaing Kamerak\u00e4fige entwickelt. Er wird in den HDMI-Anschluss der Kamera eingesteckt und passt ihn an einen weiblichen HDMI-Anschluss an. Dies schafft einen ergonomischeren Weg f\u00fcr Ihr HDMI-Kabel und erm\u00f6glicht es Ihnen, das Kabel an Ihrem [&hellip;]<\/p>\n","protected":false},"featured_media":1967593,"comment_status":"closed","ping_status":"closed","template":"","meta":[],"product_cat":[1106],"product_tag":[],"acf":[],"gallery_images":[],"_links":{"self":[{"href":"https:\/\/eu.tilta.com\/de\/wp-json\/wp\/v2\/product\/1973537"}],"collection":[{"href":"https:\/\/eu.tilta.com\/de\/wp-json\/wp\/v2\/product"}],"about":[{"href":"https:\/\/eu.tilta.com\/de\/wp-json\/wp\/v2\/types\/product"}],"replies":[{"embeddable":true,"href":"https:\/\/eu.tilta.com\/de\/wp-json\/wp\/v2\/comments?post=1973537"}],"wp:featuredmedia":[{"embeddable":true,"href":"https:\/\/eu.tilta.com\/de\/wp-json\/wp\/v2\/media\/1967593"}],"wp:attachment":[{"href":"https:\/\/eu.tilta.com\/de\/wp-json\/wp\/v2\/media?parent=1973537"}],"wp:term":[{"taxonomy":"product_cat","embeddable":true,"href":"https:\/\/eu.tilta.com\/de\/wp-json\/wp\/v2\/product_cat?post=1973537"},{"taxonomy":"product_tag","embeddable":true,"href":"https:\/\/eu.tilta.com\/de\/wp-json\/wp\/v2\/product_tag?post=1973537"}],"curies":[{"name":"wp","href":"https:\/\/api.w.org\/{rel}","templated":true}]}}