{"id":1973538,"date":"2022-02-23T10:13:24","date_gmt":"2022-02-23T09:13:24","guid":{"rendered":"https:\/\/de.tilta.com\/shop\/hdmi-klammeraufsatz-fuer-panasonic-gh6-schwarz\/"},"modified":"2026-01-12T12:49:31","modified_gmt":"2026-01-12T11:49:31","slug":"hdmi-clamp-attachment-for-panasonic-gh6-black","status":"publish","type":"product","link":"https:\/\/eu.tilta.com\/de\/shop\/hdmi-clamp-attachment-for-panasonic-gh6-black\/","title":{"rendered":"HDMI-Klammeraufsatz f\u00fcr Panasonic GH6 &#8211; Schwarz"},"content":{"rendered":"<p>Diese HDMI-Klemme wird am Full Camera Cage f\u00fcr die Panasonic GH6 befestigt und erm\u00f6glicht es Ihnen, ein HDMI-Stecker-auf-HDMI-Buchse-Kabel an Ihrem Kamerasystem zu befestigen.<\/p>\n<p>Dieses Zubeh\u00f6r verhindert, dass sich das HDMI-Kabel bei der Aufnahme l\u00f6st, und sch\u00fctzt den Anschluss an Ihrer Kamera im Laufe der Zeit.<\/p>\n<p>Dies ist besonders hilfreich, wenn Sie einen externen Recorder verwenden, da ein loses Kabel eine Aufnahme ruinieren k\u00f6nnte, wenn es versehentlich getrennt wird.<\/p>\n<p>&nbsp;<\/p>\n","protected":false},"excerpt":{"rendered":"<p>Diese HDMI-Klemme wird am Full Camera Cage f\u00fcr die Panasonic GH6 befestigt und erm\u00f6glicht es Ihnen, ein HDMI-Stecker-auf-HDMI-Buchse-Kabel an Ihrem Kamerasystem zu befestigen. Dieses Zubeh\u00f6r verhindert, dass sich das HDMI-Kabel bei der Aufnahme l\u00f6st, und sch\u00fctzt den Anschluss an Ihrer [&hellip;]<\/p>\n","protected":false},"featured_media":1967590,"comment_status":"closed","ping_status":"closed","template":"","meta":[],"product_cat":[1106],"product_tag":[],"acf":[],"gallery_images":[1967591,1967592],"_links":{"self":[{"href":"https:\/\/eu.tilta.com\/de\/wp-json\/wp\/v2\/product\/1973538"}],"collection":[{"href":"https:\/\/eu.tilta.com\/de\/wp-json\/wp\/v2\/product"}],"about":[{"href":"https:\/\/eu.tilta.com\/de\/wp-json\/wp\/v2\/types\/product"}],"replies":[{"embeddable":true,"href":"https:\/\/eu.tilta.com\/de\/wp-json\/wp\/v2\/comments?post=1973538"}],"wp:featuredmedia":[{"embeddable":true,"href":"https:\/\/eu.tilta.com\/de\/wp-json\/wp\/v2\/media\/1967590"}],"wp:attachment":[{"href":"https:\/\/eu.tilta.com\/de\/wp-json\/wp\/v2\/media?parent=1973538"}],"wp:term":[{"taxonomy":"product_cat","embeddable":true,"href":"https:\/\/eu.tilta.com\/de\/wp-json\/wp\/v2\/product_cat?post=1973538"},{"taxonomy":"product_tag","embeddable":true,"href":"https:\/\/eu.tilta.com\/de\/wp-json\/wp\/v2\/product_tag?post=1973538"}],"curies":[{"name":"wp","href":"https:\/\/api.w.org\/{rel}","templated":true}]}}