{"id":1973539,"date":"2022-02-23T10:11:43","date_gmt":"2022-02-23T09:11:43","guid":{"rendered":"https:\/\/de.tilta.com\/shop\/bodenplatte-fuer-panasonic-gh6-schwarz\/"},"modified":"2025-12-05T12:12:53","modified_gmt":"2025-12-05T11:12:53","slug":"bottom-plate-for-panasonic-gh6-black","status":"publish","type":"product","link":"https:\/\/eu.tilta.com\/de\/shop\/bottom-plate-for-panasonic-gh6-black\/","title":{"rendered":"Bodenplatte f\u00fcr Panasonic GH6 &#8211; Schwarz"},"content":{"rendered":"<p>Diese Bodenplatte wird an der Unterseite des Full Camera Cage f\u00fcr die Panasonic GH6 befestigt.<\/p>\n<p>Diese Platte wird \u00fcber zwei Kontaktpunkte verbunden, um eine sicherere Verbindung f\u00fcr Ihr System zu gew\u00e4hrleisten.<\/p>\n<p><span style=\"font-weight: 400;\">Mit dieser Platte k\u00f6nnen Sie den Kamerak\u00e4fig mit unserer <a href=\"https:\/\/de.tilta.com\/shop\/15mm-lws-baseplate-for-bmpcc4k\/\">15-mm-LWS-Grundplatte Typ I<\/a> verbinden, um 15-mm-Zubeh\u00f6r auf Stangenbasis zu montieren oder einfach an <a href=\"https:\/\/de.tilta.com\/shop\/10-lightweight-dovetail-plate-tt-c16\/\">Tilta Standardschwalbenschw\u00e4nze<\/a> anzuschlie\u00dfen.  <\/span><\/p>\n","protected":false},"excerpt":{"rendered":"<p>Diese Bodenplatte wird an der Unterseite des Full Camera Cage f\u00fcr die Panasonic GH6 befestigt. Diese Platte wird \u00fcber zwei Kontaktpunkte verbunden, um eine sicherere Verbindung f\u00fcr Ihr System zu gew\u00e4hrleisten. Mit dieser Platte k\u00f6nnen Sie den Kamerak\u00e4fig mit unserer [&hellip;]<\/p>\n","protected":false},"featured_media":1967588,"comment_status":"closed","ping_status":"closed","template":"","meta":[],"product_cat":[1106],"product_tag":[],"acf":[],"gallery_images":[1967589],"_links":{"self":[{"href":"https:\/\/eu.tilta.com\/de\/wp-json\/wp\/v2\/product\/1973539"}],"collection":[{"href":"https:\/\/eu.tilta.com\/de\/wp-json\/wp\/v2\/product"}],"about":[{"href":"https:\/\/eu.tilta.com\/de\/wp-json\/wp\/v2\/types\/product"}],"replies":[{"embeddable":true,"href":"https:\/\/eu.tilta.com\/de\/wp-json\/wp\/v2\/comments?post=1973539"}],"wp:featuredmedia":[{"embeddable":true,"href":"https:\/\/eu.tilta.com\/de\/wp-json\/wp\/v2\/media\/1967588"}],"wp:attachment":[{"href":"https:\/\/eu.tilta.com\/de\/wp-json\/wp\/v2\/media?parent=1973539"}],"wp:term":[{"taxonomy":"product_cat","embeddable":true,"href":"https:\/\/eu.tilta.com\/de\/wp-json\/wp\/v2\/product_cat?post=1973539"},{"taxonomy":"product_tag","embeddable":true,"href":"https:\/\/eu.tilta.com\/de\/wp-json\/wp\/v2\/product_tag?post=1973539"}],"curies":[{"name":"wp","href":"https:\/\/api.w.org\/{rel}","templated":true}]}}