{"id":1973541,"date":"2022-02-23T10:06:50","date_gmt":"2022-02-23T09:06:50","guid":{"rendered":"https:\/\/de.tilta.com\/shop\/kamerakaefig-fuer-panasonic-gh6-basic-kit-schwarz\/"},"modified":"2025-12-05T12:12:54","modified_gmt":"2025-12-05T11:12:54","slug":"camera-cage-for-panasonic-gh6-basic-kit-black","status":"publish","type":"product","link":"https:\/\/eu.tilta.com\/de\/shop\/camera-cage-for-panasonic-gh6-basic-kit-black\/","title":{"rendered":"Kamerak\u00e4fig f\u00fcr Panasonic GH6 Basic Kit &#8211; Schwarz"},"content":{"rendered":"<p>Dieses Full Camera Cage Kit bietet eine sch\u00fctzende H\u00fclle f\u00fcr die Panasonic Lumix GH6 und enth\u00e4lt einige notwendige Zubeh\u00f6rteile, die die Funktionalit\u00e4t der GH6 erweitern.<\/p>\n<p>Der K\u00e4fig verf\u00fcgt \u00fcber mehrere Kaltschuhaufnahmen, einen Rosettenanschluss und 1\/4&#8243;-20 Gewinde mit und ohne Fixierstifte.<\/p>\n<p>Au\u00dferdem finden Sie mehrere NATO-Schienenanschl\u00fcsse f\u00fcr die Montage eines unserer optionalen Type IV\/VI <a href=\"https:\/\/de.tilta.com\/product-category\/handles\/side-handles\/\">Side Handles<\/a> oder des mitgelieferten Compact NATO Top Handle.<\/p>\n<p>Dieser Griff verf\u00fcgt \u00fcber mehrere 1\/4&#8243;-20 und 3\/8&#8243;-16 Befestigungspunkte sowie einen Befestigungspunkt f\u00fcr einen kalten Schuh an der Vorderseite des Griffs.<\/p>\n<p>Der K\u00e4fig kann in Verbindung mit unserem optionalen <a href=\"https:\/\/de.tilta.com\/shop\/tiltaing-adjustable-top-handle\/\">verstellbaren oberen Griff<\/a> verwendet werden, um einfach zwischen horizontaler und vertikaler Aufnahmekonfiguration zu wechseln.<\/p>\n<p>Die Unterseite des K\u00e4figs ist \u00fcber zwei Kontaktpunkte mit dem Kamerageh\u00e4use verbunden und verf\u00fcgt \u00fcber einen zus\u00e4tzlichen Kontaktpunkt \u00fcber die Sicherheitsbefestigung, die sich in der N\u00e4he des rechten Kameragriffs befindet.<\/p>\n<p>Die Basis des K\u00e4figs bietet au\u00dferdem einige Befestigungsm\u00f6glichkeiten f\u00fcr die Anbringung Ihrer Kamera an verschiedenen Schnellwechselplatten und unterst\u00fctzt von Haus aus unsere <a href=\"https:\/\/de.tilta.com\/shop\/15mm-lws-baseplate-for-bmpcc4k\/\">15mm LWS Baseplate Typ I<\/a>.<\/p>\n<p>Die Bodenplatte bietet vollen Zugang zum Batteriefach und enth\u00e4lt au\u00dferdem einen Schlitz f\u00fcr den mitgelieferten magnetischen Schraubendreher.<\/p>\n<p><span style=\"font-weight: 400;\">Die Basis dieses K\u00e4figs kann auch nativ mit dem DJI RS2 verbunden werden, wenn Sie die zus\u00e4tzliche Bodenplatte nicht verwenden.<\/span><\/p>\n<p>Der K\u00e4fig verf\u00fcgt \u00fcber mehrere Befestigungspunkte f\u00fcr die optionalen <a href=\"https:\/\/de.tilta.com\/product-category\/accessories\/rod-rod-holders\/\">15-mm-Einzelstabhalter<\/a>, die eine gro\u00dfartige, leichte L\u00f6sung f\u00fcr die Befestigung von Zubeh\u00f6r wie z. B. Follow-Focus-Motoren \u00fcber einen 15-mm-Stab sind.<\/p>\n<p>Dieses Kit enth\u00e4lt au\u00dferdem einen HDMI-Adapter (Stecker auf Buchse) sowie eine HDMI-Klemme, mit der Sie Ihr HDMI-Kabel an Ihrem Kamerak\u00e4fig befestigen k\u00f6nnen.<\/p>\n","protected":false},"excerpt":{"rendered":"<p>Dieses Full Camera Cage Kit bietet eine sch\u00fctzende H\u00fclle f\u00fcr die Panasonic Lumix GH6 und enth\u00e4lt einige notwendige Zubeh\u00f6rteile, die die Funktionalit\u00e4t der GH6 erweitern. Der K\u00e4fig verf\u00fcgt \u00fcber mehrere Kaltschuhaufnahmen, einen Rosettenanschluss und 1\/4&#8243;-20 Gewinde mit und ohne Fixierstifte. [&hellip;]<\/p>\n","protected":false},"featured_media":1967582,"comment_status":"closed","ping_status":"closed","template":"","meta":[],"product_cat":[1106],"product_tag":[],"acf":[],"gallery_images":[1917877,1917878,1924801,1924802,1924803],"_links":{"self":[{"href":"https:\/\/eu.tilta.com\/de\/wp-json\/wp\/v2\/product\/1973541"}],"collection":[{"href":"https:\/\/eu.tilta.com\/de\/wp-json\/wp\/v2\/product"}],"about":[{"href":"https:\/\/eu.tilta.com\/de\/wp-json\/wp\/v2\/types\/product"}],"replies":[{"embeddable":true,"href":"https:\/\/eu.tilta.com\/de\/wp-json\/wp\/v2\/comments?post=1973541"}],"wp:featuredmedia":[{"embeddable":true,"href":"https:\/\/eu.tilta.com\/de\/wp-json\/wp\/v2\/media\/1967582"}],"wp:attachment":[{"href":"https:\/\/eu.tilta.com\/de\/wp-json\/wp\/v2\/media?parent=1973541"}],"wp:term":[{"taxonomy":"product_cat","embeddable":true,"href":"https:\/\/eu.tilta.com\/de\/wp-json\/wp\/v2\/product_cat?post=1973541"},{"taxonomy":"product_tag","embeddable":true,"href":"https:\/\/eu.tilta.com\/de\/wp-json\/wp\/v2\/product_tag?post=1973541"}],"curies":[{"name":"wp","href":"https:\/\/api.w.org\/{rel}","templated":true}]}}