{"id":1973542,"date":"2022-02-23T10:04:53","date_gmt":"2022-02-23T09:04:53","guid":{"rendered":"https:\/\/de.tilta.com\/shop\/voller-kamerakaefig-fuer-panasonic-gh6-schwarz\/"},"modified":"2025-12-22T16:33:20","modified_gmt":"2025-12-22T15:33:20","slug":"full-camera-cage-for-panasonic-gh6-black","status":"publish","type":"product","link":"https:\/\/eu.tilta.com\/de\/shop\/full-camera-cage-for-panasonic-gh6-black\/","title":{"rendered":"Voller Kamerak\u00e4fig f\u00fcr Panasonic GH6 &#8211; Schwarz"},"content":{"rendered":"<p>Dieses Full Camera Cage bietet eine sch\u00fctzende Panzerung f\u00fcr die Panasonic Lumix GH6 und erweitert gleichzeitig die Befestigungsm\u00f6glichkeiten f\u00fcr diverses Zubeh\u00f6r.<\/p>\n<p>Der K\u00e4fig verf\u00fcgt \u00fcber mehrere Kaltschuhaufnahmen, einen Rosettenanschluss und 1\/4&#8243;-20 Gewinde mit und ohne Fixierstifte.<\/p>\n<p>Au\u00dferdem finden Sie mehrere NATO-Schienenanschl\u00fcsse f\u00fcr die Montage eines unserer optionalen Type IV\/VI <a href=\"https:\/\/de.tilta.com\/product-category\/handles\/side-handles\/\">Side Handles<\/a> oder <a href=\"https:\/\/de.tilta.com\/shop\/tiltaing-compact-nato-top-handle-black\/\">Compact NATO Top Handle<\/a>.<\/p>\n<p>Der K\u00e4fig kann in Verbindung mit dem optionalen <a href=\"https:\/\/de.tilta.com\/shop\/tiltaing-adjustable-top-handle\/\">verstellbaren oberen Handgriff<\/a> verwendet werden, um einfach zwischen horizontalen und vertikalen Aufnahmekonfigurationen zu wechseln.<\/p>\n<p>Die Unterseite des K\u00e4figs ist \u00fcber zwei Kontaktpunkte mit dem Kamerageh\u00e4use verbunden und verf\u00fcgt \u00fcber einen zus\u00e4tzlichen Kontaktpunkt \u00fcber die Sicherheitsbefestigung, die sich in der N\u00e4he des rechten Kameragriffs befindet.<\/p>\n<p>Die Basis des K\u00e4figs bietet au\u00dferdem einige Befestigungsm\u00f6glichkeiten f\u00fcr die Anbringung Ihrer Kamera an verschiedenen Schnellwechselplatten und unterst\u00fctzt von Haus aus unsere <a href=\"https:\/\/de.tilta.com\/shop\/15mm-lws-baseplate-for-bmpcc4k\/\">15mm LWS Baseplate Typ I<\/a>.<\/p>\n<p>Die Bodenplatte bietet vollen Zugang zum Batteriefach und enth\u00e4lt au\u00dferdem einen Schlitz f\u00fcr den mitgelieferten magnetischen Schraubendreher.<\/p>\n<p>Die Basis dieses K\u00e4figs kann auch nativ mit dem DJI RS2 verbunden werden, wenn Sie die zus\u00e4tzliche Bodenplatte nicht verwenden.<\/p>\n<p>Der K\u00e4fig verf\u00fcgt \u00fcber mehrere Befestigungspunkte f\u00fcr die optionalen <a href=\"https:\/\/de.tilta.com\/product-category\/accessories\/rod-rod-holders\/\">15-mm-Einzelstabhalter<\/a>, die eine gro\u00dfartige, leichte L\u00f6sung f\u00fcr die Befestigung von Zubeh\u00f6r wie z. B. Follow-Focus-Motoren \u00fcber einen 15-mm-Stab sind.<\/p>\n<p>&nbsp;<\/p>\n","protected":false},"excerpt":{"rendered":"<p>Dieses Full Camera Cage bietet eine sch\u00fctzende Panzerung f\u00fcr die Panasonic Lumix GH6 und erweitert gleichzeitig die Befestigungsm\u00f6glichkeiten f\u00fcr diverses Zubeh\u00f6r. Der K\u00e4fig verf\u00fcgt \u00fcber mehrere Kaltschuhaufnahmen, einen Rosettenanschluss und 1\/4&#8243;-20 Gewinde mit und ohne Fixierstifte. Au\u00dferdem finden Sie mehrere [&hellip;]<\/p>\n","protected":false},"featured_media":1967579,"comment_status":"closed","ping_status":"closed","template":"","meta":[],"product_cat":[1106],"product_tag":[],"acf":[],"gallery_images":[1967580,1967581,1967991,1967992,1967993],"_links":{"self":[{"href":"https:\/\/eu.tilta.com\/de\/wp-json\/wp\/v2\/product\/1973542"}],"collection":[{"href":"https:\/\/eu.tilta.com\/de\/wp-json\/wp\/v2\/product"}],"about":[{"href":"https:\/\/eu.tilta.com\/de\/wp-json\/wp\/v2\/types\/product"}],"replies":[{"embeddable":true,"href":"https:\/\/eu.tilta.com\/de\/wp-json\/wp\/v2\/comments?post=1973542"}],"wp:featuredmedia":[{"embeddable":true,"href":"https:\/\/eu.tilta.com\/de\/wp-json\/wp\/v2\/media\/1967579"}],"wp:attachment":[{"href":"https:\/\/eu.tilta.com\/de\/wp-json\/wp\/v2\/media?parent=1973542"}],"wp:term":[{"taxonomy":"product_cat","embeddable":true,"href":"https:\/\/eu.tilta.com\/de\/wp-json\/wp\/v2\/product_cat?post=1973542"},{"taxonomy":"product_tag","embeddable":true,"href":"https:\/\/eu.tilta.com\/de\/wp-json\/wp\/v2\/product_tag?post=1973542"}],"curies":[{"name":"wp","href":"https:\/\/api.w.org\/{rel}","templated":true}]}}