{"id":1973544,"date":"2022-01-13T08:49:58","date_gmt":"2022-01-13T07:49:58","guid":{"rendered":"https:\/\/de.tilta.com\/shop\/griffverlaengerung-oben-fuer-red-v-raptor-komodo-x\/"},"modified":"2025-12-05T12:12:55","modified_gmt":"2025-12-05T11:12:55","slug":"top-handle-extension-for-red-v-raptor","status":"publish","type":"product","link":"https:\/\/eu.tilta.com\/de\/shop\/top-handle-extension-for-red-v-raptor\/","title":{"rendered":"Griffverl\u00e4ngerung oben f\u00fcr RED V-RAPTOR \/ KOMODO-X"},"content":{"rendered":"<p>Mit diesem Verl\u00e4ngerungszubeh\u00f6r f\u00fcr die RED V-RAPTOR k\u00f6nnen Sie Ihren Top Handle verl\u00e4ngern, was zus\u00e4tzliche Befestigungspunkte und mehr Flexibilit\u00e4t bei der Handhabung bietet.<\/p>\n<p>Diese Verl\u00e4ngerung enth\u00e4lt einen abnehmbaren Teil, der den Griff bei Bedarf weiter verl\u00e4ngert, um gr\u00f6\u00dfere Batterien unterzubringen.<\/p>\n<p>Das gebogene Design dieser Griffverl\u00e4ngerung ist eine gro\u00dfartige Option zur Erweiterung der M\u00f6glichkeiten, die Kamera zu bedienen, insbesondere bei niedrigeren Winkeln.<\/p>\n","protected":false},"excerpt":{"rendered":"<p>Mit diesem Verl\u00e4ngerungszubeh\u00f6r f\u00fcr die RED V-RAPTOR k\u00f6nnen Sie Ihren Top Handle verl\u00e4ngern, was zus\u00e4tzliche Befestigungspunkte und mehr Flexibilit\u00e4t bei der Handhabung bietet. Diese Verl\u00e4ngerung enth\u00e4lt einen abnehmbaren Teil, der den Griff bei Bedarf weiter verl\u00e4ngert, um gr\u00f6\u00dfere Batterien unterzubringen. [&hellip;]<\/p>\n","protected":false},"featured_media":1967288,"comment_status":"closed","ping_status":"closed","template":"","meta":[],"product_cat":[3232,1434,1112,1113,1235],"product_tag":[],"acf":[],"gallery_images":[1967289],"_links":{"self":[{"href":"https:\/\/eu.tilta.com\/de\/wp-json\/wp\/v2\/product\/1973544"}],"collection":[{"href":"https:\/\/eu.tilta.com\/de\/wp-json\/wp\/v2\/product"}],"about":[{"href":"https:\/\/eu.tilta.com\/de\/wp-json\/wp\/v2\/types\/product"}],"replies":[{"embeddable":true,"href":"https:\/\/eu.tilta.com\/de\/wp-json\/wp\/v2\/comments?post=1973544"}],"wp:featuredmedia":[{"embeddable":true,"href":"https:\/\/eu.tilta.com\/de\/wp-json\/wp\/v2\/media\/1967288"}],"wp:attachment":[{"href":"https:\/\/eu.tilta.com\/de\/wp-json\/wp\/v2\/media?parent=1973544"}],"wp:term":[{"taxonomy":"product_cat","embeddable":true,"href":"https:\/\/eu.tilta.com\/de\/wp-json\/wp\/v2\/product_cat?post=1973544"},{"taxonomy":"product_tag","embeddable":true,"href":"https:\/\/eu.tilta.com\/de\/wp-json\/wp\/v2\/product_tag?post=1973544"}],"curies":[{"name":"wp","href":"https:\/\/api.w.org\/{rel}","templated":true}]}}