{"id":1973545,"date":"2022-01-24T16:56:59","date_gmt":"2022-01-24T15:56:59","guid":{"rendered":"https:\/\/de.tilta.com\/shop\/filterschutzhuelle-fuer-tilta-mirage\/"},"modified":"2026-01-21T13:21:41","modified_gmt":"2026-01-21T12:21:41","slug":"filter-protection-cover-for-tilta-mirage","status":"publish","type":"product","link":"https:\/\/eu.tilta.com\/de\/shop\/filter-protection-cover-for-tilta-mirage\/","title":{"rendered":"Filterschutzh\u00fclle f\u00fcr Tilta Mirage"},"content":{"rendered":"<p>Diese Filterschutzh\u00fclle f\u00fcr das Tilta Mirage wurde entwickelt, um unseren <a href=\"https:\/\/de.tilta.com\/shop\/95mm-polarizer-filter-for-tilta-mirage\/\">95mm Zirkularpolarisatorfilter<\/a> und den <a href=\"https:\/\/de.tilta.com\/shop\/95mm-variable-nd-for-tilta-mirage\/\">95mm variablen ND-Filter<\/a> f\u00fcr die <a href=\"https:\/\/de.tilta.com\/shop\/tilta-mirage-matte-box\/\">Tilta Mirage Matte Box<\/a> zu sch\u00fctzen.<\/p>\n<p>Dieses Kit enth\u00e4lt sowohl eine Vorder- als auch eine R\u00fcckabdeckung, so dass Sie Ihre Filter problemlos sch\u00fctzen k\u00f6nnen, wenn sie lose sind oder \u00fcber unseren <a href=\"https:\/\/de.tilta.com\/shop\/lightweight-filter-clamp-on-adapter\/\">leichten Filterklemmadapter<\/a> direkt an Ihrem Objektiv befestigt sind.<\/p>\n<p>Wenn ein Filter auf Ihrem Objektiv angebracht ist, k\u00f6nnen Sie die vordere Abdeckung verwenden, um das Glas auf Reisen oder bei Ortswechseln vor Sch\u00e4den oder Kratzern zu sch\u00fctzen, ohne den Filter abnehmen zu m\u00fcssen.<\/p>\n","protected":false},"excerpt":{"rendered":"<p>Diese Filterschutzh\u00fclle f\u00fcr das Tilta Mirage wurde entwickelt, um unseren 95mm Zirkularpolarisatorfilter und den 95mm variablen ND-Filter f\u00fcr die Tilta Mirage Matte Box zu sch\u00fctzen. Dieses Kit enth\u00e4lt sowohl eine Vorder- als auch eine R\u00fcckabdeckung, so dass Sie Ihre Filter [&hellip;]<\/p>\n","protected":false},"featured_media":1967398,"comment_status":"closed","ping_status":"closed","template":"","meta":[],"product_cat":[1195],"product_tag":[],"acf":[],"gallery_images":[1967399,1967400],"_links":{"self":[{"href":"https:\/\/eu.tilta.com\/de\/wp-json\/wp\/v2\/product\/1973545"}],"collection":[{"href":"https:\/\/eu.tilta.com\/de\/wp-json\/wp\/v2\/product"}],"about":[{"href":"https:\/\/eu.tilta.com\/de\/wp-json\/wp\/v2\/types\/product"}],"replies":[{"embeddable":true,"href":"https:\/\/eu.tilta.com\/de\/wp-json\/wp\/v2\/comments?post=1973545"}],"wp:featuredmedia":[{"embeddable":true,"href":"https:\/\/eu.tilta.com\/de\/wp-json\/wp\/v2\/media\/1967398"}],"wp:attachment":[{"href":"https:\/\/eu.tilta.com\/de\/wp-json\/wp\/v2\/media?parent=1973545"}],"wp:term":[{"taxonomy":"product_cat","embeddable":true,"href":"https:\/\/eu.tilta.com\/de\/wp-json\/wp\/v2\/product_cat?post=1973545"},{"taxonomy":"product_tag","embeddable":true,"href":"https:\/\/eu.tilta.com\/de\/wp-json\/wp\/v2\/product_tag?post=1973545"}],"curies":[{"name":"wp","href":"https:\/\/api.w.org\/{rel}","templated":true}]}}