{"id":1973548,"date":"2022-01-24T16:08:59","date_gmt":"2022-01-24T15:08:59","guid":{"rendered":"https:\/\/de.tilta.com\/shop\/tilta-canon-rf-mount-auf-pl-mount-adapter-mit-verstellbarem-back-focus\/"},"modified":"2026-04-16T03:58:08","modified_gmt":"2026-04-16T01:58:08","slug":"tiltaing-canon-rf-mount-to-pl-mount-adapter-with-adjustable-back-focus","status":"publish","type":"product","link":"https:\/\/eu.tilta.com\/de\/shop\/tiltaing-canon-rf-mount-to-pl-mount-adapter-with-adjustable-back-focus\/","title":{"rendered":"Tilta Canon RF Mount auf PL Mount Adapter mit verstellbarem Back Focus"},"content":{"rendered":"<p>Mit diesem Canon RF Mount auf PL Mount Adapter k\u00f6nnen Sie PL Mount Objektive auf Kamerageh\u00e4use mit Canon RF Mounts montieren und den Backfokus \u00fcber ein mitgeliefertes Einstellwerkzeug an verschiedene Sensoren anpassen.<\/p>\n<p>Dieser PL-Mount bietet die gleiche unglaublich sichere Verbindung nach Industriestandard wie unsere vorherige Version und erm\u00f6glicht es Benutzern, die meisten High-End-Kinoobjektive an ihrer RED Komodo, Canon R5\/R5C oder jedem anderen RF-Mount-Kamerageh\u00e4use zu montieren.<\/p>\n<p>Mit dem mitgelieferten Back Focus Adjustment Tool k\u00f6nnen Sie den Back Focus dieses Adapters ganz einfach einstellen und so sicherstellen, dass Sie auf jedem RF-Mount-Sensor ein m\u00f6glichst scharfes Bild erhalten.<\/p>\n<p>Die Markierungen auf dem Anpassungswerkzeug machen es einfach, den Backfokus f\u00fcr verschiedene Kamerageh\u00e4use schnell zu \u00e4ndern, wenn Sie bereits den perfekten Backfokus f\u00fcr verschiedene Sensoren gefunden haben.<\/p>\n<p>Das ARRI Positive Lock Design bietet eine schnelle und sichere Verbindung, die Zeit am Set spart und mehr Sicherheit bietet.<\/p>\n<p>Das 1\/4\u2033-20 Gewinde an der Unterseite dieses Adapters ist mit unseren optionalen Adapterhalterungen f\u00fcr verschiedene Kamerak\u00e4fige kompatibel.<\/p>\n<p>Dadurch entsteht ein zus\u00e4tzlicher Kontaktpunkt zwischen dem Adapter und Ihrem Kamerageh\u00e4use, um eine feste Verbindung zwischen Objektiv und Kamerageh\u00e4use zu gew\u00e4hrleisten.<\/p>\n<p>Dies ist besonders hilfreich, wenn Sie schwerere Objektive verwenden oder wenn Sie drahtlose Follow-Focus-Motoren einsetzen.<\/p>\n<p>Eine ma\u00dfgefertigte PL Port Cap ist ebenfalls in diesem Kit enthalten.<\/p>\n","protected":false},"excerpt":{"rendered":"<p>Mit diesem Canon RF Mount auf PL Mount Adapter k\u00f6nnen Sie PL Mount Objektive auf Kamerageh\u00e4use mit Canon RF Mounts montieren und den Backfokus \u00fcber ein mitgeliefertes Einstellwerkzeug an verschiedene Sensoren anpassen. Dieser PL-Mount bietet die gleiche unglaublich sichere Verbindung [&hellip;]<\/p>\n","protected":false},"featured_media":1967395,"comment_status":"closed","ping_status":"closed","template":"","meta":[],"product_cat":[1088,1089,1112,3155,1113,1114,1272],"product_tag":[],"acf":[],"gallery_images":[1967396,1967397],"_links":{"self":[{"href":"https:\/\/eu.tilta.com\/de\/wp-json\/wp\/v2\/product\/1973548"}],"collection":[{"href":"https:\/\/eu.tilta.com\/de\/wp-json\/wp\/v2\/product"}],"about":[{"href":"https:\/\/eu.tilta.com\/de\/wp-json\/wp\/v2\/types\/product"}],"replies":[{"embeddable":true,"href":"https:\/\/eu.tilta.com\/de\/wp-json\/wp\/v2\/comments?post=1973548"}],"wp:featuredmedia":[{"embeddable":true,"href":"https:\/\/eu.tilta.com\/de\/wp-json\/wp\/v2\/media\/1967395"}],"wp:attachment":[{"href":"https:\/\/eu.tilta.com\/de\/wp-json\/wp\/v2\/media?parent=1973548"}],"wp:term":[{"taxonomy":"product_cat","embeddable":true,"href":"https:\/\/eu.tilta.com\/de\/wp-json\/wp\/v2\/product_cat?post=1973548"},{"taxonomy":"product_tag","embeddable":true,"href":"https:\/\/eu.tilta.com\/de\/wp-json\/wp\/v2\/product_tag?post=1973548"}],"curies":[{"name":"wp","href":"https:\/\/api.w.org\/{rel}","templated":true}]}}