{"id":1973552,"date":"2022-01-13T08:54:49","date_gmt":"2022-01-13T07:54:49","guid":{"rendered":"https:\/\/de.tilta.com\/shop\/oberer-handgriff-fuer-red-v-raptor\/"},"modified":"2025-12-05T12:12:58","modified_gmt":"2025-12-05T11:12:58","slug":"top-handle-for-red-v-raptor","status":"publish","type":"product","link":"https:\/\/eu.tilta.com\/de\/shop\/top-handle-for-red-v-raptor\/","title":{"rendered":"Oberer Handgriff f\u00fcr RED V-RAPTOR"},"content":{"rendered":"<p>Dieser obere Handgriff l\u00e4sst sich sowohl an der oberen als auch an der vorderen Platte der RED V-RAPTOR befestigen. Er schafft einen sicheren Kontaktpunkt f\u00fcr die Handhabung und Bedienung Ihrer Kamera und bietet au\u00dferdem zus\u00e4tzliche Befestigungspunkte f\u00fcr Zubeh\u00f6r.<\/p>\n<p>Dieser Top Handle verf\u00fcgt sowohl \u00fcber 1\/4&#8243;-20 und 3\/8&#8243;-16 Befestigungspunkte mit Fixierstiften als auch \u00fcber eine Kaltfu\u00dfaufnahme.<\/p>\n<p>Dieser Griff wird mit vier \u00bc&#8221;-20-Schrauben an unseren Top Plates befestigt, um die Sicherheit zu erh\u00f6hen, insbesondere wenn Sie schwerere Kameras montieren.<\/p>\n<p>Dieser Griff kann auch in eine kompaktere Konfiguration zerlegt werden, bei der nur die vordere Deckplatte montiert werden muss, um leichtere Kameras zu montieren.<\/p>\n<p>Die neu gestaltete 15-mm-Stangenhalterung erm\u00f6glicht es Ihnen, eine einzelne 15-mm-Stange entweder parallel oder senkrecht zum oberen Handgriff zu montieren, was Ihnen mehr Flexibilit\u00e4t bei der Montage von elektronischen Suchern oder externen Monitoren bietet.<\/p>\n","protected":false},"excerpt":{"rendered":"<p>Dieser obere Handgriff l\u00e4sst sich sowohl an der oberen als auch an der vorderen Platte der RED V-RAPTOR befestigen. Er schafft einen sicheren Kontaktpunkt f\u00fcr die Handhabung und Bedienung Ihrer Kamera und bietet au\u00dferdem zus\u00e4tzliche Befestigungspunkte f\u00fcr Zubeh\u00f6r. Dieser Top [&hellip;]<\/p>\n","protected":false},"featured_media":1967296,"comment_status":"closed","ping_status":"closed","template":"","meta":[],"product_cat":[1113,3155,1235],"product_tag":[],"acf":[],"gallery_images":[1967297,1967298],"_links":{"self":[{"href":"https:\/\/eu.tilta.com\/de\/wp-json\/wp\/v2\/product\/1973552"}],"collection":[{"href":"https:\/\/eu.tilta.com\/de\/wp-json\/wp\/v2\/product"}],"about":[{"href":"https:\/\/eu.tilta.com\/de\/wp-json\/wp\/v2\/types\/product"}],"replies":[{"embeddable":true,"href":"https:\/\/eu.tilta.com\/de\/wp-json\/wp\/v2\/comments?post=1973552"}],"wp:featuredmedia":[{"embeddable":true,"href":"https:\/\/eu.tilta.com\/de\/wp-json\/wp\/v2\/media\/1967296"}],"wp:attachment":[{"href":"https:\/\/eu.tilta.com\/de\/wp-json\/wp\/v2\/media?parent=1973552"}],"wp:term":[{"taxonomy":"product_cat","embeddable":true,"href":"https:\/\/eu.tilta.com\/de\/wp-json\/wp\/v2\/product_cat?post=1973552"},{"taxonomy":"product_tag","embeddable":true,"href":"https:\/\/eu.tilta.com\/de\/wp-json\/wp\/v2\/product_tag?post=1973552"}],"curies":[{"name":"wp","href":"https:\/\/api.w.org\/{rel}","templated":true}]}}