{"id":1973559,"date":"2022-01-13T08:46:59","date_gmt":"2022-01-13T07:46:59","guid":{"rendered":"https:\/\/de.tilta.com\/shop\/linke-seite-einzelrutenhalter-fuer-red-v-raptor\/"},"modified":"2026-02-16T09:00:15","modified_gmt":"2026-02-16T08:00:15","slug":"left-side-single-rod-holder-for-red-v-raptor","status":"publish","type":"product","link":"https:\/\/eu.tilta.com\/de\/shop\/left-side-single-rod-holder-for-red-v-raptor\/","title":{"rendered":"Linke Seite Einzelrutenhalter f\u00fcr RED V-RAPTOR"},"content":{"rendered":"<p>Dieser linksseitige Einzelstabhalter wird an der Seite des Full Camera Cage f\u00fcr die RED V-RAPTOR montiert.<\/p>\n<p>Sie erm\u00f6glicht es Ihnen, eine einzelne 15-mm-Stange an der Seite der Kamera zu befestigen, an der Sie stangenbasiertes Zubeh\u00f6r wie kabellose Follow-Focus-Motoren anbringen k\u00f6nnen.<\/p>\n<p>Die kleine Grundfl\u00e4che dieses Rutenhalters macht ihn zu einer fantastischen, leichten Option, um eine 15-mm-Rute an Ihrem System zu befestigen, ohne eine traditionelle Grundplatte zu verwenden.<\/p>\n<p>Das macht sie zur perfekten L\u00f6sung f\u00fcr leichte und kompakte Konstruktionen, z. B. bei der Verwendung von Kardanringen oder bei handgef\u00fchrten Aufnahmen.<\/p>\n","protected":false},"excerpt":{"rendered":"<p>Dieser linksseitige Einzelstabhalter wird an der Seite des Full Camera Cage f\u00fcr die RED V-RAPTOR montiert. Sie erm\u00f6glicht es Ihnen, eine einzelne 15-mm-Stange an der Seite der Kamera zu befestigen, an der Sie stangenbasiertes Zubeh\u00f6r wie kabellose Follow-Focus-Motoren anbringen k\u00f6nnen. [&hellip;]<\/p>\n","protected":false},"featured_media":1967284,"comment_status":"closed","ping_status":"closed","template":"","meta":[],"product_cat":[1047,4448,1113,3155],"product_tag":[],"acf":[],"gallery_images":[1967285],"_links":{"self":[{"href":"https:\/\/eu.tilta.com\/de\/wp-json\/wp\/v2\/product\/1973559"}],"collection":[{"href":"https:\/\/eu.tilta.com\/de\/wp-json\/wp\/v2\/product"}],"about":[{"href":"https:\/\/eu.tilta.com\/de\/wp-json\/wp\/v2\/types\/product"}],"replies":[{"embeddable":true,"href":"https:\/\/eu.tilta.com\/de\/wp-json\/wp\/v2\/comments?post=1973559"}],"wp:featuredmedia":[{"embeddable":true,"href":"https:\/\/eu.tilta.com\/de\/wp-json\/wp\/v2\/media\/1967284"}],"wp:attachment":[{"href":"https:\/\/eu.tilta.com\/de\/wp-json\/wp\/v2\/media?parent=1973559"}],"wp:term":[{"taxonomy":"product_cat","embeddable":true,"href":"https:\/\/eu.tilta.com\/de\/wp-json\/wp\/v2\/product_cat?post=1973559"},{"taxonomy":"product_tag","embeddable":true,"href":"https:\/\/eu.tilta.com\/de\/wp-json\/wp\/v2\/product_tag?post=1973559"}],"curies":[{"name":"wp","href":"https:\/\/api.w.org\/{rel}","templated":true}]}}