{"id":1973561,"date":"2022-01-13T08:45:39","date_gmt":"2022-01-13T07:45:39","guid":{"rendered":"https:\/\/de.tilta.com\/shop\/15mm-lws-grundplatte-fuer-red-v-raptor\/"},"modified":"2025-12-12T17:05:37","modified_gmt":"2025-12-12T16:05:37","slug":"15mm-lws-baseplate-for-red-v-raptor","status":"publish","type":"product","link":"https:\/\/eu.tilta.com\/de\/shop\/15mm-lws-baseplate-for-red-v-raptor\/","title":{"rendered":"15mm LWS Grundplatte f\u00fcr RED V-RAPTOR"},"content":{"rendered":"<p>Diese 15-mm-LWS-Grundplatte erweitert Ihren RED V-RAPTOR um eine 15-mm-Stangenhalterung, mit der Sie stangenbasiertes Zubeh\u00f6r wie Matteboxen und Follow-Focus-Systeme verwenden k\u00f6nnen.<\/p>\n<p>Diese Grundplatte l\u00e4sst sich nativ mit unserem Full Camera Cage f\u00fcr RED V-RAPTOR verbinden und verf\u00fcgt \u00fcber einen Schnellverschluss, mit dem Sie Ihre Kamera bei Bedarf einfach von der Grundplatte l\u00f6sen k\u00f6nnen.<\/p>\n<p>Der eingebaute Sicherungsstift hilft, den K\u00e4fig zu arretieren und bietet zus\u00e4tzliche Sicherheit, damit Ihre Kamera sicher mit der Grundplatte verbunden bleibt.<\/p>\n<p>Unter dieser Grundplatte befindet sich ein Empf\u00e4nger, der \u00fcber unsere optionale Multifunktionsgrundplatte von Tilta Standard auf Arri Standard an unsere Tilta Standard Dovetails oder ARRI Standard Dovetails angeschlossen werden kann.<\/p>\n<p>Diese Grundplatte kann auch an Schnellwechselplatten von Drittanbietern \u00fcber 1\/4\u2033-20 und 3\/8\u2033-16 Gewinde montiert werden.<\/p>\n","protected":false},"excerpt":{"rendered":"<p>Diese 15-mm-LWS-Grundplatte erweitert Ihren RED V-RAPTOR um eine 15-mm-Stangenhalterung, mit der Sie stangenbasiertes Zubeh\u00f6r wie Matteboxen und Follow-Focus-Systeme verwenden k\u00f6nnen. Diese Grundplatte l\u00e4sst sich nativ mit unserem Full Camera Cage f\u00fcr RED V-RAPTOR verbinden und verf\u00fcgt \u00fcber einen Schnellverschluss, mit [&hellip;]<\/p>\n","protected":false},"featured_media":1967508,"comment_status":"closed","ping_status":"closed","template":"","meta":[],"product_cat":[3155,1113,1188],"product_tag":[],"acf":[],"gallery_images":[1967509,1967282,1967283],"_links":{"self":[{"href":"https:\/\/eu.tilta.com\/de\/wp-json\/wp\/v2\/product\/1973561"}],"collection":[{"href":"https:\/\/eu.tilta.com\/de\/wp-json\/wp\/v2\/product"}],"about":[{"href":"https:\/\/eu.tilta.com\/de\/wp-json\/wp\/v2\/types\/product"}],"replies":[{"embeddable":true,"href":"https:\/\/eu.tilta.com\/de\/wp-json\/wp\/v2\/comments?post=1973561"}],"wp:featuredmedia":[{"embeddable":true,"href":"https:\/\/eu.tilta.com\/de\/wp-json\/wp\/v2\/media\/1967508"}],"wp:attachment":[{"href":"https:\/\/eu.tilta.com\/de\/wp-json\/wp\/v2\/media?parent=1973561"}],"wp:term":[{"taxonomy":"product_cat","embeddable":true,"href":"https:\/\/eu.tilta.com\/de\/wp-json\/wp\/v2\/product_cat?post=1973561"},{"taxonomy":"product_tag","embeddable":true,"href":"https:\/\/eu.tilta.com\/de\/wp-json\/wp\/v2\/product_tag?post=1973561"}],"curies":[{"name":"wp","href":"https:\/\/api.w.org\/{rel}","templated":true}]}}