{"id":1973562,"date":"2021-12-29T11:35:25","date_gmt":"2021-12-29T10:35:25","guid":{"rendered":"https:\/\/de.tilta.com\/shop\/nd-filter-set-fuer-dji-action-2\/"},"modified":"2025-12-05T12:12:59","modified_gmt":"2025-12-05T11:12:59","slug":"nd-filter-set-for-dji-osmo-action-2","status":"publish","type":"product","link":"https:\/\/eu.tilta.com\/de\/shop\/nd-filter-set-for-dji-osmo-action-2\/","title":{"rendered":"ND-Filter-Set f\u00fcr DJI Action 2"},"content":{"rendered":"<p>Dieses ND-Filter-Set f\u00fcr DJI Osmo Action 2 ist eine praktische L\u00f6sung, die dem Benutzer eine bessere Kontrolle \u00fcber die Belichtung seiner Bilder bietet.<\/p>\n<p>Dank des magnetischen Snap-On-Designs lassen sich diese Filter schnell und sicher anbringen oder entfernen.<\/p>\n<p>Dieses ND-Kit enth\u00e4lt vier verschiedene Dichten, mit denen Sie zwischen 3 und 6 Blendenstufen Licht reduzieren k\u00f6nnen.<\/p>\n<p>Das macht diese Filter zu einem Muss f\u00fcr Aufnahmesituationen mit hellen, unkontrollierbaren Umgebungen, wie z.B. Aufnahmen im Freien im Schnee oder an einem klaren sonnigen Tag.<\/p>\n","protected":false},"excerpt":{"rendered":"<p>Dieses ND-Filter-Set f\u00fcr DJI Osmo Action 2 ist eine praktische L\u00f6sung, die dem Benutzer eine bessere Kontrolle \u00fcber die Belichtung seiner Bilder bietet. Dank des magnetischen Snap-On-Designs lassen sich diese Filter schnell und sicher anbringen oder entfernen. Dieses ND-Kit enth\u00e4lt [&hellip;]<\/p>\n","protected":false},"featured_media":1967236,"comment_status":"closed","ping_status":"closed","template":"","meta":[],"product_cat":[1280],"product_tag":[],"acf":[],"gallery_images":[1914475,1914476,1914479,1914478,1914477],"_links":{"self":[{"href":"https:\/\/eu.tilta.com\/de\/wp-json\/wp\/v2\/product\/1973562"}],"collection":[{"href":"https:\/\/eu.tilta.com\/de\/wp-json\/wp\/v2\/product"}],"about":[{"href":"https:\/\/eu.tilta.com\/de\/wp-json\/wp\/v2\/types\/product"}],"replies":[{"embeddable":true,"href":"https:\/\/eu.tilta.com\/de\/wp-json\/wp\/v2\/comments?post=1973562"}],"wp:featuredmedia":[{"embeddable":true,"href":"https:\/\/eu.tilta.com\/de\/wp-json\/wp\/v2\/media\/1967236"}],"wp:attachment":[{"href":"https:\/\/eu.tilta.com\/de\/wp-json\/wp\/v2\/media?parent=1973562"}],"wp:term":[{"taxonomy":"product_cat","embeddable":true,"href":"https:\/\/eu.tilta.com\/de\/wp-json\/wp\/v2\/product_cat?post=1973562"},{"taxonomy":"product_tag","embeddable":true,"href":"https:\/\/eu.tilta.com\/de\/wp-json\/wp\/v2\/product_tag?post=1973562"}],"curies":[{"name":"wp","href":"https:\/\/api.w.org\/{rel}","templated":true}]}}