{"id":1973563,"date":"2022-01-13T08:43:34","date_gmt":"2022-01-13T07:43:34","guid":{"rendered":"https:\/\/de.tilta.com\/shop\/untere-montageplatte-fuer-red-v-raptor\/"},"modified":"2025-12-05T12:13:00","modified_gmt":"2025-12-05T11:13:00","slug":"bottom-mounting-plate-for-red-v-raptor","status":"publish","type":"product","link":"https:\/\/eu.tilta.com\/de\/shop\/bottom-mounting-plate-for-red-v-raptor\/","title":{"rendered":"Untere Montageplatte f\u00fcr RED V-RAPTOR"},"content":{"rendered":"<p>Diese Montageplatte wird in der N\u00e4he der Unterseite des vollst\u00e4ndigen Kamerak\u00e4figs f\u00fcr die RED V-RAPTOR angebracht.<\/p>\n<p>Er bietet einige zus\u00e4tzliche \u00bc&#8221;-20 Befestigungspunkte mit Passstiften und dient als alternativer Ort f\u00fcr die Montage des Advanced I\/O-Moduls.<\/p>\n<p><strong>HINWEIS<\/strong>: <strong>Wenn Sie diese Platte verwenden, ist der Zugang zur Medienklappe eingeschr\u00e4nkt.<\/strong><\/p>\n","protected":false},"excerpt":{"rendered":"<p>Diese Montageplatte wird in der N\u00e4he der Unterseite des vollst\u00e4ndigen Kamerak\u00e4figs f\u00fcr die RED V-RAPTOR angebracht. Er bietet einige zus\u00e4tzliche \u00bc&#8221;-20 Befestigungspunkte mit Passstiften und dient als alternativer Ort f\u00fcr die Montage des Advanced I\/O-Moduls. HINWEIS: Wenn Sie diese Platte [&hellip;]<\/p>\n","protected":false},"featured_media":1967277,"comment_status":"closed","ping_status":"closed","template":"","meta":[],"product_cat":[1113,3155],"product_tag":[],"acf":[],"gallery_images":[1967278,1967279],"_links":{"self":[{"href":"https:\/\/eu.tilta.com\/de\/wp-json\/wp\/v2\/product\/1973563"}],"collection":[{"href":"https:\/\/eu.tilta.com\/de\/wp-json\/wp\/v2\/product"}],"about":[{"href":"https:\/\/eu.tilta.com\/de\/wp-json\/wp\/v2\/types\/product"}],"replies":[{"embeddable":true,"href":"https:\/\/eu.tilta.com\/de\/wp-json\/wp\/v2\/comments?post=1973563"}],"wp:featuredmedia":[{"embeddable":true,"href":"https:\/\/eu.tilta.com\/de\/wp-json\/wp\/v2\/media\/1967277"}],"wp:attachment":[{"href":"https:\/\/eu.tilta.com\/de\/wp-json\/wp\/v2\/media?parent=1973563"}],"wp:term":[{"taxonomy":"product_cat","embeddable":true,"href":"https:\/\/eu.tilta.com\/de\/wp-json\/wp\/v2\/product_cat?post=1973563"},{"taxonomy":"product_tag","embeddable":true,"href":"https:\/\/eu.tilta.com\/de\/wp-json\/wp\/v2\/product_tag?post=1973563"}],"curies":[{"name":"wp","href":"https:\/\/api.w.org\/{rel}","templated":true}]}}