{"id":1973565,"date":"2022-01-13T08:40:33","date_gmt":"2022-01-13T07:40:33","guid":{"rendered":"https:\/\/de.tilta.com\/shop\/vordere-deckplatte-fuer-red-v-raptor\/"},"modified":"2025-12-05T12:13:00","modified_gmt":"2025-12-05T11:13:00","slug":"front-top-plate-for-red-v-raptor","status":"publish","type":"product","link":"https:\/\/eu.tilta.com\/de\/shop\/front-top-plate-for-red-v-raptor\/","title":{"rendered":"Vordere Deckplatte f\u00fcr RED V-RAPTOR"},"content":{"rendered":"<p>Diese Frontplatte f\u00fcr die RED V-RAPTOR bietet erweiterte M\u00f6glichkeiten zur Montage von Zubeh\u00f6r in einem kleinen, leichten Formfaktor.<\/p>\n<p>Die Platte enth\u00e4lt einen Cold Shoe-Empf\u00e4nger, 1\/4\u2033-20 und \u215c&#8221;-16 Befestigungspunkte, die verschiedenes Zubeh\u00f6r wie unsere \u00e4lteren Schnellspanngriffe, externe Monitore, drahtlose Videosender, Gelenkarme usw. unterst\u00fctzen.<\/p>\n","protected":false},"excerpt":{"rendered":"<p>Diese Frontplatte f\u00fcr die RED V-RAPTOR bietet erweiterte M\u00f6glichkeiten zur Montage von Zubeh\u00f6r in einem kleinen, leichten Formfaktor. Die Platte enth\u00e4lt einen Cold Shoe-Empf\u00e4nger, 1\/4\u2033-20 und \u215c&#8221;-16 Befestigungspunkte, die verschiedenes Zubeh\u00f6r wie unsere \u00e4lteren Schnellspanngriffe, externe Monitore, drahtlose Videosender, Gelenkarme [&hellip;]<\/p>\n","protected":false},"featured_media":1967271,"comment_status":"closed","ping_status":"closed","template":"","meta":[],"product_cat":[1113,3155],"product_tag":[],"acf":[],"gallery_images":[1915673,1915674],"_links":{"self":[{"href":"https:\/\/eu.tilta.com\/de\/wp-json\/wp\/v2\/product\/1973565"}],"collection":[{"href":"https:\/\/eu.tilta.com\/de\/wp-json\/wp\/v2\/product"}],"about":[{"href":"https:\/\/eu.tilta.com\/de\/wp-json\/wp\/v2\/types\/product"}],"replies":[{"embeddable":true,"href":"https:\/\/eu.tilta.com\/de\/wp-json\/wp\/v2\/comments?post=1973565"}],"wp:featuredmedia":[{"embeddable":true,"href":"https:\/\/eu.tilta.com\/de\/wp-json\/wp\/v2\/media\/1967271"}],"wp:attachment":[{"href":"https:\/\/eu.tilta.com\/de\/wp-json\/wp\/v2\/media?parent=1973565"}],"wp:term":[{"taxonomy":"product_cat","embeddable":true,"href":"https:\/\/eu.tilta.com\/de\/wp-json\/wp\/v2\/product_cat?post=1973565"},{"taxonomy":"product_tag","embeddable":true,"href":"https:\/\/eu.tilta.com\/de\/wp-json\/wp\/v2\/product_tag?post=1973565"}],"curies":[{"name":"wp","href":"https:\/\/api.w.org\/{rel}","templated":true}]}}