{"id":1973567,"date":"2021-12-27T09:50:59","date_gmt":"2021-12-27T08:50:59","guid":{"rendered":"https:\/\/de.tilta.com\/shop\/kamerakaefig-fuer-sony-a7-iv-pro-kit-schwarz\/"},"modified":"2025-12-05T12:13:11","modified_gmt":"2025-12-05T11:13:11","slug":"camera-cage-for-sony-a7-iv-pro-kit-black","status":"publish","type":"product","link":"https:\/\/eu.tilta.com\/de\/shop\/camera-cage-for-sony-a7-iv-pro-kit-black\/","title":{"rendered":"Kamerak\u00e4fig f\u00fcr Sony a7 IV Pro Kit &#8211; Schwarz"},"content":{"rendered":"<p>Dieses Pro Kit bietet eine Schutzh\u00fclle f\u00fcr die Sony a7 IV, a1, a7S III, a7R IV, a7R V, a7 III, aR III, A9 und enth\u00e4lt viele relevante Zubeh\u00f6rteile, die die Funktionalit\u00e4t der Kamera erheblich verbessern.<\/p>\n<p>Der Full Cage verf\u00fcgt \u00fcber mehrere 3\/8\u2033-16 und 1\/4&#8243;-20 Gewinde mit Fixierstiften, Kaltschuhaufnahmen und eine NATO-Schiene f\u00fcr Seitengriffe vom Typ IV und VI.<\/p>\n<p>Er verf\u00fcgt au\u00dferdem \u00fcber einen ARRI-kompatiblen Rosettenanschluss sowie \u00fcber Anschl\u00fcsse f\u00fcr unsere optionalen <a href=\"https:\/\/de.tilta.com\/product-category\/accessories\/rod-rod-holders\/\">Einzelstangenhalterungen<\/a>.<\/p>\n<p>Die Oberseite des K\u00e4figs ist speziell f\u00fcr unseren Tiltaing Compact NATO Top Handle konzipiert, um eine flexiblere Bedienung und Handhabung zu erm\u00f6glichen.<\/p>\n<p>Der obere Handgriff enth\u00e4lt einen Kaltakku-Empf\u00e4nger, an dem Sie einen externen Monitor \u00fcber unsere <a href=\"https:\/\/de.tilta.com\/shop\/tiltaing-adjustable-cold-shoe-accessory-mounting-bracket\/\">Kaltakku-Zubeh\u00f6rhalterung<\/a> befestigen k\u00f6nnen.<\/p>\n<p>Die Bodenplatte verf\u00fcgt \u00fcber ein 1\/4\u2033-20-Gewinde zur Befestigung Ihrer Kamera an verschiedenen Schnellwechselplatten und l\u00e4sst sich auch mit der mitgelieferten 15-mm-Bodenplatte verbinden.<\/p>\n<p>Die Tiltaing 15mm LWS Grundplatte Typ IV erweitert das System um eine 15mm Stangenhalterung und erm\u00f6glicht Ihnen die Montage von stangenbasiertem Zubeh\u00f6r wie <a href=\"https:\/\/de.tilta.com\/product-category\/matte-boxes\/\">Matteboxen<\/a> und <a href=\"https:\/\/de.tilta.com\/product-category\/lens-control-systems\/\">Follow Focus Systemen<\/a>.<\/p>\n<p>Die Unterseite der Grundplatte l\u00e4sst sich nativ mit unseren <a href=\"https:\/\/de.tilta.com\/shop\/10-lightweight-dovetail-plate-tt-c16\/\">Tilta Standardschwalbenschw\u00e4nzen<\/a> verbinden und unterst\u00fctzt auch verschiedene Schnellwechselplatten \u00fcber 1\/4\u2033-20 und 3\/8\u2033-16 Gewinde.<\/p>\n<p>Der mitgelieferte Advanced Power Handle wird \u00fcber eine NATO-Schienenverbindung an der linken Seite des K\u00e4figs befestigt.<\/p>\n<p>Dieser Handgriff verf\u00fcgt \u00fcber einen 12-V-Micro-DC-Anschluss (3,5\/1,35 mm) und einen 8-V-USB-C-Anschluss f\u00fcr die Stromversorgung Ihres Kamerageh\u00e4uses oder anderen Zubeh\u00f6rs wie unserem <a href=\"https:\/\/de.tilta.com\/shop\/nucleus-nano-wireless-lens-control-system\/\">Nucleus Nano Wireless Lens Control System<\/a>.<\/p>\n<p>Der Griff kann \u00fcber ein mitgeliefertes Run Stop-Kabel auch den Run Stop steuern.<\/p>\n<p>Die Drehung des Griffs und die zus\u00e4tzliche Handschlaufe erm\u00f6glichen eine komfortable und flexible Bedienung Ihres Kamerasystems bei Aufnahmen aus der Hand.<\/p>\n<p>Die HDMI-Klemme wird an der Seite des K\u00e4figs angebracht und erm\u00f6glicht es Ihnen, das mitgelieferte HDMI-Stecker-auf-HDMI-Buchse-Kabel sicher an Ihrem System zu befestigen.<\/p>\n<p>Diese Klemme kann verhindern, dass sich Ihr HDMI-Kabel w\u00e4hrend der Aufnahme l\u00f6st, und sie kann den Anschluss an Ihrem Kamerageh\u00e4use sch\u00fctzen.<\/p>\n<p>Dies kann besonders hilfreich sein, wenn Sie einen externen Rekorder verwenden.<\/p>\n","protected":false},"excerpt":{"rendered":"<p>Dieses Pro Kit bietet eine Schutzh\u00fclle f\u00fcr die Sony a7 IV, a1, a7S III, a7R IV, a7R V, a7 III, aR III, A9 und enth\u00e4lt viele relevante Zubeh\u00f6rteile, die die Funktionalit\u00e4t der Kamera erheblich verbessern. Der Full Cage verf\u00fcgt \u00fcber [&hellip;]<\/p>\n","protected":false},"featured_media":1967121,"comment_status":"closed","ping_status":"closed","template":"","meta":[],"product_cat":[1124],"product_tag":[],"acf":[],"gallery_images":[1914194,1914195,1924930,1924931,1924932,1924929],"_links":{"self":[{"href":"https:\/\/eu.tilta.com\/de\/wp-json\/wp\/v2\/product\/1973567"}],"collection":[{"href":"https:\/\/eu.tilta.com\/de\/wp-json\/wp\/v2\/product"}],"about":[{"href":"https:\/\/eu.tilta.com\/de\/wp-json\/wp\/v2\/types\/product"}],"replies":[{"embeddable":true,"href":"https:\/\/eu.tilta.com\/de\/wp-json\/wp\/v2\/comments?post=1973567"}],"wp:featuredmedia":[{"embeddable":true,"href":"https:\/\/eu.tilta.com\/de\/wp-json\/wp\/v2\/media\/1967121"}],"wp:attachment":[{"href":"https:\/\/eu.tilta.com\/de\/wp-json\/wp\/v2\/media?parent=1973567"}],"wp:term":[{"taxonomy":"product_cat","embeddable":true,"href":"https:\/\/eu.tilta.com\/de\/wp-json\/wp\/v2\/product_cat?post=1973567"},{"taxonomy":"product_tag","embeddable":true,"href":"https:\/\/eu.tilta.com\/de\/wp-json\/wp\/v2\/product_tag?post=1973567"}],"curies":[{"name":"wp","href":"https:\/\/api.w.org\/{rel}","templated":true}]}}