{"id":1973570,"date":"2021-12-27T09:54:27","date_gmt":"2021-12-27T08:54:27","guid":{"rendered":"https:\/\/de.tilta.com\/shop\/hdmi-kabelklemme-fuer-sony-a7-iv-schwarz\/"},"modified":"2026-03-28T03:08:13","modified_gmt":"2026-03-28T02:08:13","slug":"hdmi-cable-clamp-attachment-for-sony-a7-iv-black","status":"publish","type":"product","link":"https:\/\/eu.tilta.com\/de\/shop\/hdmi-cable-clamp-attachment-for-sony-a7-iv-black\/","title":{"rendered":"HDMI-Kabelklemme f\u00fcr Sony a7 IV &#8211; Schwarz"},"content":{"rendered":"<p>Diese HDMI-Klemme wird direkt am Full Camera Cage f\u00fcr die Sony a7 IV angebracht und erm\u00f6glicht es Ihnen, ein <a href=\"https:\/\/de.tilta.com\/shop\/hdmi-male-to-hdmi-female-cable\/\">HDMI-Stecker-auf-HDMI-Buchse-Kabel<\/a> sicher an Ihrem Kamerak\u00e4fig zu befestigen.<\/p>\n<p>Diese Klemme kann verhindern, dass sich das HDMI-Kabel w\u00e4hrend der Aufnahme l\u00f6st, und sie kann den Anschluss an Ihrem Kamerageh\u00e4use sch\u00fctzen.<\/p>\n<p>Dies kann besonders hilfreich sein, wenn Sie einen externen Rekorder verwenden.<\/p>\n","protected":false},"excerpt":{"rendered":"<p>Diese HDMI-Klemme wird direkt am Full Camera Cage f\u00fcr die Sony a7 IV angebracht und erm\u00f6glicht es Ihnen, ein HDMI-Stecker-auf-HDMI-Buchse-Kabel sicher an Ihrem Kamerak\u00e4fig zu befestigen. Diese Klemme kann verhindern, dass sich das HDMI-Kabel w\u00e4hrend der Aufnahme l\u00f6st, und sie [&hellip;]<\/p>\n","protected":false},"featured_media":1967128,"comment_status":"closed","ping_status":"closed","template":"","meta":[],"product_cat":[1124],"product_tag":[],"acf":[],"gallery_images":[1967135],"_links":{"self":[{"href":"https:\/\/eu.tilta.com\/de\/wp-json\/wp\/v2\/product\/1973570"}],"collection":[{"href":"https:\/\/eu.tilta.com\/de\/wp-json\/wp\/v2\/product"}],"about":[{"href":"https:\/\/eu.tilta.com\/de\/wp-json\/wp\/v2\/types\/product"}],"replies":[{"embeddable":true,"href":"https:\/\/eu.tilta.com\/de\/wp-json\/wp\/v2\/comments?post=1973570"}],"wp:featuredmedia":[{"embeddable":true,"href":"https:\/\/eu.tilta.com\/de\/wp-json\/wp\/v2\/media\/1967128"}],"wp:attachment":[{"href":"https:\/\/eu.tilta.com\/de\/wp-json\/wp\/v2\/media?parent=1973570"}],"wp:term":[{"taxonomy":"product_cat","embeddable":true,"href":"https:\/\/eu.tilta.com\/de\/wp-json\/wp\/v2\/product_cat?post=1973570"},{"taxonomy":"product_tag","embeddable":true,"href":"https:\/\/eu.tilta.com\/de\/wp-json\/wp\/v2\/product_tag?post=1973570"}],"curies":[{"name":"wp","href":"https:\/\/api.w.org\/{rel}","templated":true}]}}