{"id":1973575,"date":"2021-12-27T09:45:05","date_gmt":"2021-12-27T08:45:05","guid":{"rendered":"https:\/\/de.tilta.com\/shop\/vollstaendiger-kamerakaefig-fuer-sony-a7-iv-schwarz\/"},"modified":"2025-12-05T12:13:15","modified_gmt":"2025-12-05T11:13:15","slug":"full-camera-cage-for-sony-a7-iv-black","status":"publish","type":"product","link":"https:\/\/eu.tilta.com\/de\/shop\/full-camera-cage-for-sony-a7-iv-black\/","title":{"rendered":"Vollst\u00e4ndiger Kamerak\u00e4fig f\u00fcr Sony a7 IV &#8211; Schwarz"},"content":{"rendered":"<p>Dieses Full Camera Cage bietet eine Schutzh\u00fclle f\u00fcr die Sony a7 IV, a1, a7S III, a7R IV, a7R V, a7 III, a7R III, A9 und erm\u00f6glicht die Befestigung von verschiedenem Zubeh\u00f6r, um die Funktionalit\u00e4t der Kamera zu verbessern.<\/p>\n<p>Der Full Cage verf\u00fcgt \u00fcber mehrere 3\/8&#8243;-16- und 1\/4&#8243;-20-Gewinde mit Fixierstiften, Kaltschuhaufnahmen und eine NATO-Schiene f\u00fcr Seitengriffe vom Typ IV und VI.<\/p>\n<p>Er verf\u00fcgt au\u00dferdem \u00fcber einen ARRI-kompatiblen Rosettenanschluss sowie \u00fcber Anschl\u00fcsse f\u00fcr unsere optionalen <a href=\"https:\/\/de.tilta.com\/product-category\/accessories\/rod-rod-holders\/\">Einzelstangenhalterungen<\/a>.<\/p>\n<p>Die Rosette wurde speziell f\u00fcr unseren Tiltaing Compact NATO Top Handle entwickelt, um eine flexiblere Bedienung und Handhabung zu erm\u00f6glichen.<\/p>\n<p>Die Bodenplatte verf\u00fcgt \u00fcber 1\/4\u2033-20 Gewinde zur Befestigung Ihrer Kamera an verschiedenen Schnellwechselplatten und ist mit der Tiltaing 15mm LWS Grundplatte Typ IV kompatibel.<\/p>\n<p>Mit dem mitgelieferten Schlitzschraubendreher k\u00f6nnen Sie den K\u00e4fig und die verschiedenen Zubeh\u00f6rteile schnell montieren oder demontieren. Au\u00dferdem l\u00e4sst er sich zur Aufbewahrung bequem an der Unterseite des K\u00e4figs befestigen.<\/p>\n<p>&nbsp;<\/p>\n","protected":false},"excerpt":{"rendered":"<p>Dieses Full Camera Cage bietet eine Schutzh\u00fclle f\u00fcr die Sony a7 IV, a1, a7S III, a7R IV, a7R V, a7 III, a7R III, A9 und erm\u00f6glicht die Befestigung von verschiedenem Zubeh\u00f6r, um die Funktionalit\u00e4t der Kamera zu verbessern. Der Full [&hellip;]<\/p>\n","protected":false},"featured_media":1967136,"comment_status":"closed","ping_status":"closed","template":"","meta":[],"product_cat":[1124],"product_tag":[],"acf":[],"gallery_images":[1967137,1967138,1968037,1968038,1968039,1968036],"_links":{"self":[{"href":"https:\/\/eu.tilta.com\/de\/wp-json\/wp\/v2\/product\/1973575"}],"collection":[{"href":"https:\/\/eu.tilta.com\/de\/wp-json\/wp\/v2\/product"}],"about":[{"href":"https:\/\/eu.tilta.com\/de\/wp-json\/wp\/v2\/types\/product"}],"replies":[{"embeddable":true,"href":"https:\/\/eu.tilta.com\/de\/wp-json\/wp\/v2\/comments?post=1973575"}],"wp:featuredmedia":[{"embeddable":true,"href":"https:\/\/eu.tilta.com\/de\/wp-json\/wp\/v2\/media\/1967136"}],"wp:attachment":[{"href":"https:\/\/eu.tilta.com\/de\/wp-json\/wp\/v2\/media?parent=1973575"}],"wp:term":[{"taxonomy":"product_cat","embeddable":true,"href":"https:\/\/eu.tilta.com\/de\/wp-json\/wp\/v2\/product_cat?post=1973575"},{"taxonomy":"product_tag","embeddable":true,"href":"https:\/\/eu.tilta.com\/de\/wp-json\/wp\/v2\/product_tag?post=1973575"}],"curies":[{"name":"wp","href":"https:\/\/api.w.org\/{rel}","templated":true}]}}