{"id":1973577,"date":"2021-11-30T10:18:57","date_gmt":"2021-11-30T09:18:57","guid":{"rendered":"https:\/\/de.tilta.com\/shop\/tilta-float-system-docking-station\/"},"modified":"2025-12-05T12:13:16","modified_gmt":"2025-12-05T11:13:16","slug":"tilta-float-system-docking-station","status":"publish","type":"product","link":"https:\/\/eu.tilta.com\/de\/shop\/tilta-float-system-docking-station\/","title":{"rendered":"Tilta Float System Docking Station"},"content":{"rendered":"<p>Diese Docking-Station f\u00fcr das Tilta Float-System ist eine Komplettl\u00f6sung, um Ihr Float-System zu sichern, wenn es nicht in Gebrauch ist.<\/p>\n<p>Diese Docking Station wird \u00fcber einen Baby Pin angeschlossen und erm\u00f6glicht es Ihnen, den Pfosten, die Weste und den Arm Ihres Schwimmers an derselben Halterung zu befestigen.<\/p>\n<p>So k\u00f6nnen Sie Ihr System einsatzbereit halten, ohne dass Sie es tragen oder in den Koffer packen m\u00fcssen.<\/p>\n<p>Dank der verstellbaren Konstruktion k\u00f6nnen Sie den Schwerpunkt leicht anpassen, so dass die Docking Station auf Ihrem St\u00e4nder im Gleichgewicht bleibt.<\/p>\n","protected":false},"excerpt":{"rendered":"<p>Diese Docking-Station f\u00fcr das Tilta Float-System ist eine Komplettl\u00f6sung, um Ihr Float-System zu sichern, wenn es nicht in Gebrauch ist. Diese Docking Station wird \u00fcber einen Baby Pin angeschlossen und erm\u00f6glicht es Ihnen, den Pfosten, die Weste und den Arm [&hellip;]<\/p>\n","protected":false},"featured_media":1966972,"comment_status":"closed","ping_status":"closed","template":"","meta":[],"product_cat":[1049],"product_tag":[],"acf":[],"gallery_images":[1967076,1966971],"_links":{"self":[{"href":"https:\/\/eu.tilta.com\/de\/wp-json\/wp\/v2\/product\/1973577"}],"collection":[{"href":"https:\/\/eu.tilta.com\/de\/wp-json\/wp\/v2\/product"}],"about":[{"href":"https:\/\/eu.tilta.com\/de\/wp-json\/wp\/v2\/types\/product"}],"replies":[{"embeddable":true,"href":"https:\/\/eu.tilta.com\/de\/wp-json\/wp\/v2\/comments?post=1973577"}],"wp:featuredmedia":[{"embeddable":true,"href":"https:\/\/eu.tilta.com\/de\/wp-json\/wp\/v2\/media\/1966972"}],"wp:attachment":[{"href":"https:\/\/eu.tilta.com\/de\/wp-json\/wp\/v2\/media?parent=1973577"}],"wp:term":[{"taxonomy":"product_cat","embeddable":true,"href":"https:\/\/eu.tilta.com\/de\/wp-json\/wp\/v2\/product_cat?post=1973577"},{"taxonomy":"product_tag","embeddable":true,"href":"https:\/\/eu.tilta.com\/de\/wp-json\/wp\/v2\/product_tag?post=1973577"}],"curies":[{"name":"wp","href":"https:\/\/api.w.org\/{rel}","templated":true}]}}