{"id":1973578,"date":"2021-10-27T13:25:23","date_gmt":"2021-10-27T11:25:23","guid":{"rendered":"https:\/\/de.tilta.com\/shop\/4x5-65-stapelbares-filtertablett-fuer-tilta-mirage\/"},"modified":"2025-12-05T12:13:16","modified_gmt":"2025-12-05T11:13:16","slug":"4x5-65-stackable-filter-tray-for-tilta-mirage","status":"publish","type":"product","link":"https:\/\/eu.tilta.com\/de\/shop\/4x5-65-stackable-filter-tray-for-tilta-mirage\/","title":{"rendered":"4&#215;5.65 Stapelbares Filtertablett f\u00fcr Tilta Mirage"},"content":{"rendered":"<p>Diese stapelbare Filterablage l\u00e4sst sich mit der stapelbaren Filterablagenhalterung 4\u00d75,65 verbinden, mit der Sie einen zus\u00e4tzlichen 4\u00d75,65-Filter vor Ihrem Objektiv befestigen k\u00f6nnen.<\/p>\n<p>An diesem Filterhalter k\u00f6nnen Sie auch zus\u00e4tzliche stapelbare 4\u00d75,65-Filterschalen befestigen, so dass Sie so viele 4\u00d75,65-Filter wie n\u00f6tig montieren k\u00f6nnen.<\/p>\n<p><strong>HINWEIS: F\u00fcr die Montage am Tilta Mirage ist ein stapelbarer Filterhalter erforderlich.  <\/strong><\/p>\n","protected":false},"excerpt":{"rendered":"<p>Diese stapelbare Filterablage l\u00e4sst sich mit der stapelbaren Filterablagenhalterung 4\u00d75,65 verbinden, mit der Sie einen zus\u00e4tzlichen 4\u00d75,65-Filter vor Ihrem Objektiv befestigen k\u00f6nnen. An diesem Filterhalter k\u00f6nnen Sie auch zus\u00e4tzliche stapelbare 4\u00d75,65-Filterschalen befestigen, so dass Sie so viele 4\u00d75,65-Filter wie n\u00f6tig [&hellip;]<\/p>\n","protected":false},"featured_media":1966922,"comment_status":"closed","ping_status":"closed","template":"","meta":[],"product_cat":[1195],"product_tag":[],"acf":[],"gallery_images":[1966924,1966908],"_links":{"self":[{"href":"https:\/\/eu.tilta.com\/de\/wp-json\/wp\/v2\/product\/1973578"}],"collection":[{"href":"https:\/\/eu.tilta.com\/de\/wp-json\/wp\/v2\/product"}],"about":[{"href":"https:\/\/eu.tilta.com\/de\/wp-json\/wp\/v2\/types\/product"}],"replies":[{"embeddable":true,"href":"https:\/\/eu.tilta.com\/de\/wp-json\/wp\/v2\/comments?post=1973578"}],"wp:featuredmedia":[{"embeddable":true,"href":"https:\/\/eu.tilta.com\/de\/wp-json\/wp\/v2\/media\/1966922"}],"wp:attachment":[{"href":"https:\/\/eu.tilta.com\/de\/wp-json\/wp\/v2\/media?parent=1973578"}],"wp:term":[{"taxonomy":"product_cat","embeddable":true,"href":"https:\/\/eu.tilta.com\/de\/wp-json\/wp\/v2\/product_cat?post=1973578"},{"taxonomy":"product_tag","embeddable":true,"href":"https:\/\/eu.tilta.com\/de\/wp-json\/wp\/v2\/product_tag?post=1973578"}],"curies":[{"name":"wp","href":"https:\/\/api.w.org\/{rel}","templated":true}]}}