{"id":1973579,"date":"2021-10-27T13:20:12","date_gmt":"2021-10-27T11:20:12","guid":{"rendered":"https:\/\/de.tilta.com\/shop\/95mm-stapelbarer-rundfiltereinsatz-fuer-tilta-mirage\/"},"modified":"2026-01-21T13:21:41","modified_gmt":"2026-01-21T12:21:41","slug":"95mm-stackable-circular-filter-tray-for-tilta-mirage","status":"publish","type":"product","link":"https:\/\/eu.tilta.com\/de\/shop\/95mm-stackable-circular-filter-tray-for-tilta-mirage\/","title":{"rendered":"95mm stapelbarer Rundfiltereinsatz f\u00fcr Tilta Mirage"},"content":{"rendered":"<p>Dieser stapelbare Rundfilterhalter ersetzt die Gummikappe der Tilta Mirage Matte Box und erm\u00f6glicht es Ihnen, einen zus\u00e4tzlichen 95-mm-Rundfilter vor Ihrem Objektiv zu befestigen.<\/p>\n<p>Dies ist die perfekte L\u00f6sung f\u00fcr die gleichzeitige Verwendung von 95-mm-Spezialeffektfiltern und dem VND-Modul und erm\u00f6glicht es Ihnen au\u00dferdem, die Gummihaube an der Vorderseite des Fachs zu befestigen.<\/p>\n<p>Damit k\u00f6nnen Sie maximal (4) 95mm Rundfilter montieren, wenn Sie <a href=\"https:\/\/de.tilta.com\/shop\/dual-circular-filter-tray-for-tilta-mirage\/\">Dual Filter Trays<\/a> verwenden. Es kann jeweils nur ein stapelbarer Filtereinsatz montiert werden.<\/p>\n<p><strong>HINWEIS: Um <span style=\"text-decoration: underline;\">Vignettierung<\/span> zu vermeiden, m\u00fcssen Sie Brennweiten jenseits von <span style=\"text-decoration: underline;\">35 mm<\/span> f\u00fcr Vollformat und <span style=\"text-decoration: underline;\">24 mm<\/span> f\u00fcr S35 verwenden.  <\/strong><\/p>\n<p><strong>Der drahtlose Motor kann nicht am VND-Modul montiert werden, wenn er in den Filterschlitz des stapelbaren Fachs eingesetzt ist.<br \/>\n<\/strong><\/p>\n<p><strong>Das Netzteil f\u00fcr den Tilta Mirage Motor ist nicht kompatibel, wenn Sie die stapelbare Filterablage verwenden.<\/strong><\/p>\n<p>&nbsp;<\/p>\n","protected":false},"excerpt":{"rendered":"<p>Dieser stapelbare Rundfilterhalter ersetzt die Gummikappe der Tilta Mirage Matte Box und erm\u00f6glicht es Ihnen, einen zus\u00e4tzlichen 95-mm-Rundfilter vor Ihrem Objektiv zu befestigen. Dies ist die perfekte L\u00f6sung f\u00fcr die gleichzeitige Verwendung von 95-mm-Spezialeffektfiltern und dem VND-Modul und erm\u00f6glicht es [&hellip;]<\/p>\n","protected":false},"featured_media":1966903,"comment_status":"closed","ping_status":"closed","template":"","meta":[],"product_cat":[1195],"product_tag":[],"acf":[],"gallery_images":[1966925,1966905],"_links":{"self":[{"href":"https:\/\/eu.tilta.com\/de\/wp-json\/wp\/v2\/product\/1973579"}],"collection":[{"href":"https:\/\/eu.tilta.com\/de\/wp-json\/wp\/v2\/product"}],"about":[{"href":"https:\/\/eu.tilta.com\/de\/wp-json\/wp\/v2\/types\/product"}],"replies":[{"embeddable":true,"href":"https:\/\/eu.tilta.com\/de\/wp-json\/wp\/v2\/comments?post=1973579"}],"wp:featuredmedia":[{"embeddable":true,"href":"https:\/\/eu.tilta.com\/de\/wp-json\/wp\/v2\/media\/1966903"}],"wp:attachment":[{"href":"https:\/\/eu.tilta.com\/de\/wp-json\/wp\/v2\/media?parent=1973579"}],"wp:term":[{"taxonomy":"product_cat","embeddable":true,"href":"https:\/\/eu.tilta.com\/de\/wp-json\/wp\/v2\/product_cat?post=1973579"},{"taxonomy":"product_tag","embeddable":true,"href":"https:\/\/eu.tilta.com\/de\/wp-json\/wp\/v2\/product_tag?post=1973579"}],"curies":[{"name":"wp","href":"https:\/\/api.w.org\/{rel}","templated":true}]}}