{"id":1973580,"date":"2021-10-27T13:12:20","date_gmt":"2021-10-27T11:12:20","guid":{"rendered":"https:\/\/de.tilta.com\/shop\/4x5-65-stapelbarer-filtereinsatzhalter-fuer-tilta-mirage\/"},"modified":"2025-12-26T09:41:20","modified_gmt":"2025-12-26T08:41:20","slug":"4x5-65-stackable-filter-tray-holder-for-tilta-mirage","status":"publish","type":"product","link":"https:\/\/eu.tilta.com\/de\/shop\/4x5-65-stackable-filter-tray-holder-for-tilta-mirage\/","title":{"rendered":"4&#215;5.65 Stapelbarer Filtereinsatzhalter f\u00fcr Tilta Mirage"},"content":{"rendered":"<p>Dieser Stackable Filter Tray Holder ersetzt die Gummihaube der Tilta Mirage Matte Box und erm\u00f6glicht es Ihnen, einen <a href=\"https:\/\/de.tilta.com\/shop\/4x5-65-stackable-filter-tray-for-tilta-mirage\/\">4&#215;5,65 Stackable Filter Tray<\/a><strong>(nicht im Lieferumfang enthalten<\/strong>) vor Ihrem Objektiv zu befestigen.<\/p>\n<p>Dieser Filterhalter kann in Verbindung mit mehreren stapelbaren 4\u00d75,65-Filtertabletts verwendet werden, so dass Sie so viele 4&#215;5,65-Filter wie n\u00f6tig montieren k\u00f6nnen.<\/p>\n<p><strong>*ERFORDERT EINEN 4&#215;5.65 FILTERRAY ZUR BEFESTIGUNG EINES FILTERS*<\/strong><\/p>\n<p><strong>HINWEIS: Dies kann nicht mit der Gummihaube verwendet werden  <\/strong><\/p>\n<p>&nbsp;<\/p>\n","protected":false},"excerpt":{"rendered":"<p>Dieser Stackable Filter Tray Holder ersetzt die Gummihaube der Tilta Mirage Matte Box und erm\u00f6glicht es Ihnen, einen 4&#215;5,65 Stackable Filter Tray(nicht im Lieferumfang enthalten) vor Ihrem Objektiv zu befestigen. Dieser Filterhalter kann in Verbindung mit mehreren stapelbaren 4\u00d75,65-Filtertabletts verwendet [&hellip;]<\/p>\n","protected":false},"featured_media":1966953,"comment_status":"closed","ping_status":"closed","template":"","meta":[],"product_cat":[1195],"product_tag":[],"acf":[],"gallery_images":[1966954,1966955],"_links":{"self":[{"href":"https:\/\/eu.tilta.com\/de\/wp-json\/wp\/v2\/product\/1973580"}],"collection":[{"href":"https:\/\/eu.tilta.com\/de\/wp-json\/wp\/v2\/product"}],"about":[{"href":"https:\/\/eu.tilta.com\/de\/wp-json\/wp\/v2\/types\/product"}],"replies":[{"embeddable":true,"href":"https:\/\/eu.tilta.com\/de\/wp-json\/wp\/v2\/comments?post=1973580"}],"wp:featuredmedia":[{"embeddable":true,"href":"https:\/\/eu.tilta.com\/de\/wp-json\/wp\/v2\/media\/1966953"}],"wp:attachment":[{"href":"https:\/\/eu.tilta.com\/de\/wp-json\/wp\/v2\/media?parent=1973580"}],"wp:term":[{"taxonomy":"product_cat","embeddable":true,"href":"https:\/\/eu.tilta.com\/de\/wp-json\/wp\/v2\/product_cat?post=1973580"},{"taxonomy":"product_tag","embeddable":true,"href":"https:\/\/eu.tilta.com\/de\/wp-json\/wp\/v2\/product_tag?post=1973580"}],"curies":[{"name":"wp","href":"https:\/\/api.w.org\/{rel}","templated":true}]}}