{"id":1973582,"date":"2021-09-16T15:55:12","date_gmt":"2021-09-16T13:55:12","guid":{"rendered":"https:\/\/de.tilta.com\/shop\/80mm-kino-adapterring-fuer-tilta-mirage\/"},"modified":"2025-12-05T12:13:18","modified_gmt":"2025-12-05T11:13:18","slug":"80mm-cinema-adapter-ring-for-tilta-mirage","status":"publish","type":"product","link":"https:\/\/eu.tilta.com\/de\/shop\/80mm-cinema-adapter-ring-for-tilta-mirage\/","title":{"rendered":"80mm Kino-Adapterring f\u00fcr Tilta Mirage"},"content":{"rendered":"<p>Mit diesem 80-mm-Cinema-Adapterring f\u00fcr die Tilta Mirage Matte Box k\u00f6nnen Sie die Matte Box an ein Cine-Objektiv mit einem Frontdurchmesser von 80 mm montieren.<\/p>\n<p>&nbsp;<\/p>\n","protected":false},"excerpt":{"rendered":"<p>Mit diesem 80-mm-Cinema-Adapterring f\u00fcr die Tilta Mirage Matte Box k\u00f6nnen Sie die Matte Box an ein Cine-Objektiv mit einem Frontdurchmesser von 80 mm montieren. &nbsp;<\/p>\n","protected":false},"featured_media":1966926,"comment_status":"closed","ping_status":"closed","template":"","meta":[],"product_cat":[1195],"product_tag":[],"acf":[],"gallery_images":[1910377,1910378,1910379,1910380],"_links":{"self":[{"href":"https:\/\/eu.tilta.com\/de\/wp-json\/wp\/v2\/product\/1973582"}],"collection":[{"href":"https:\/\/eu.tilta.com\/de\/wp-json\/wp\/v2\/product"}],"about":[{"href":"https:\/\/eu.tilta.com\/de\/wp-json\/wp\/v2\/types\/product"}],"replies":[{"embeddable":true,"href":"https:\/\/eu.tilta.com\/de\/wp-json\/wp\/v2\/comments?post=1973582"}],"wp:featuredmedia":[{"embeddable":true,"href":"https:\/\/eu.tilta.com\/de\/wp-json\/wp\/v2\/media\/1966926"}],"wp:attachment":[{"href":"https:\/\/eu.tilta.com\/de\/wp-json\/wp\/v2\/media?parent=1973582"}],"wp:term":[{"taxonomy":"product_cat","embeddable":true,"href":"https:\/\/eu.tilta.com\/de\/wp-json\/wp\/v2\/product_cat?post=1973582"},{"taxonomy":"product_tag","embeddable":true,"href":"https:\/\/eu.tilta.com\/de\/wp-json\/wp\/v2\/product_tag?post=1973582"}],"curies":[{"name":"wp","href":"https:\/\/api.w.org\/{rel}","templated":true}]}}