{"id":1973584,"date":"2021-09-17T09:22:39","date_gmt":"2021-09-17T07:22:39","guid":{"rendered":"https:\/\/de.tilta.com\/shop\/14500-netzteil-fuer-tilta-mirage-motor\/"},"modified":"2025-12-05T12:13:19","modified_gmt":"2025-12-05T11:13:19","slug":"14500-power-supply-for-tilta-mirage-motor","status":"publish","type":"product","link":"https:\/\/eu.tilta.com\/de\/shop\/14500-power-supply-for-tilta-mirage-motor\/","title":{"rendered":"14500 Netzteil f\u00fcr Tilta Mirage Motor"},"content":{"rendered":"<p><strong>WARNUNG: Betreiben Sie den Motor nicht \u00fcber USB-C, wenn dieses Netzteil angeschlossen ist.<\/strong><\/p>\n<p>Das 14500 Netzteil f\u00fcr den Tilta Mirage Motor wird direkt am Motor befestigt und erm\u00f6glicht es Ihnen, ihn \u00fcber eine einzige 14500 Batterie zu betreiben.<\/p>\n<p>Dies ist die perfekte, leichte L\u00f6sung f\u00fcr die Stromversorgung des kabellosen Motors f\u00fcr Tilta Mirage.<\/p>\n<p><strong>HINWEIS: Der Motor entzieht dem Ger\u00e4t im ausgeschalteten Zustand eine geringe Menge an Strom.<\/strong><\/p>\n<p><strong>Bitte nehmen Sie die Batterie aus dem Ger\u00e4t, wenn Sie es nicht benutzen.<\/strong><\/p>\n","protected":false},"excerpt":{"rendered":"<p>WARNUNG: Betreiben Sie den Motor nicht \u00fcber USB-C, wenn dieses Netzteil angeschlossen ist. Das 14500 Netzteil f\u00fcr den Tilta Mirage Motor wird direkt am Motor befestigt und erm\u00f6glicht es Ihnen, ihn \u00fcber eine einzige 14500 Batterie zu betreiben. Dies ist [&hellip;]<\/p>\n","protected":false},"featured_media":2010021,"comment_status":"closed","ping_status":"closed","template":"","meta":[],"product_cat":[1195],"product_tag":[],"acf":[],"gallery_images":[1966841],"_links":{"self":[{"href":"https:\/\/eu.tilta.com\/de\/wp-json\/wp\/v2\/product\/1973584"}],"collection":[{"href":"https:\/\/eu.tilta.com\/de\/wp-json\/wp\/v2\/product"}],"about":[{"href":"https:\/\/eu.tilta.com\/de\/wp-json\/wp\/v2\/types\/product"}],"replies":[{"embeddable":true,"href":"https:\/\/eu.tilta.com\/de\/wp-json\/wp\/v2\/comments?post=1973584"}],"wp:featuredmedia":[{"embeddable":true,"href":"https:\/\/eu.tilta.com\/de\/wp-json\/wp\/v2\/media\/2010021"}],"wp:attachment":[{"href":"https:\/\/eu.tilta.com\/de\/wp-json\/wp\/v2\/media?parent=1973584"}],"wp:term":[{"taxonomy":"product_cat","embeddable":true,"href":"https:\/\/eu.tilta.com\/de\/wp-json\/wp\/v2\/product_cat?post=1973584"},{"taxonomy":"product_tag","embeddable":true,"href":"https:\/\/eu.tilta.com\/de\/wp-json\/wp\/v2\/product_tag?post=1973584"}],"curies":[{"name":"wp","href":"https:\/\/api.w.org\/{rel}","templated":true}]}}