{"id":1973585,"date":"2021-09-16T15:46:53","date_gmt":"2021-09-16T13:46:53","guid":{"rendered":"https:\/\/de.tilta.com\/shop\/kabelloser-controller-fuer-tilta-mirage\/"},"modified":"2025-12-05T12:13:20","modified_gmt":"2025-12-05T11:13:20","slug":"wireless-controller-for-tilta-mirage","status":"publish","type":"product","link":"https:\/\/eu.tilta.com\/de\/shop\/wireless-controller-for-tilta-mirage\/","title":{"rendered":"Kabelloser Controller f\u00fcr Tilta Mirage"},"content":{"rendered":"<p>Mit dem Wireless Controller f\u00fcr Tilta Mirage k\u00f6nnen Sie sowohl das VND-Modul als auch einen Nucleus Nano oder Nucleus M Motor fernsteuern.<\/p>\n<p>Der Controller wird mit einer 14500er Batterie betrieben und kann \u00fcber einen NATO-Anschluss und den mitgelieferten NATO-Schienenadapter an Monitoren, Gimbals oder Kamerak\u00e4figen befestigt werden.<\/p>\n","protected":false},"excerpt":{"rendered":"<p>Mit dem Wireless Controller f\u00fcr Tilta Mirage k\u00f6nnen Sie sowohl das VND-Modul als auch einen Nucleus Nano oder Nucleus M Motor fernsteuern. Der Controller wird mit einer 14500er Batterie betrieben und kann \u00fcber einen NATO-Anschluss und den mitgelieferten NATO-Schienenadapter an [&hellip;]<\/p>\n","protected":false},"featured_media":1966816,"comment_status":"closed","ping_status":"closed","template":"","meta":[],"product_cat":[1195],"product_tag":[],"acf":[],"gallery_images":[1966844],"_links":{"self":[{"href":"https:\/\/eu.tilta.com\/de\/wp-json\/wp\/v2\/product\/1973585"}],"collection":[{"href":"https:\/\/eu.tilta.com\/de\/wp-json\/wp\/v2\/product"}],"about":[{"href":"https:\/\/eu.tilta.com\/de\/wp-json\/wp\/v2\/types\/product"}],"replies":[{"embeddable":true,"href":"https:\/\/eu.tilta.com\/de\/wp-json\/wp\/v2\/comments?post=1973585"}],"wp:featuredmedia":[{"embeddable":true,"href":"https:\/\/eu.tilta.com\/de\/wp-json\/wp\/v2\/media\/1966816"}],"wp:attachment":[{"href":"https:\/\/eu.tilta.com\/de\/wp-json\/wp\/v2\/media?parent=1973585"}],"wp:term":[{"taxonomy":"product_cat","embeddable":true,"href":"https:\/\/eu.tilta.com\/de\/wp-json\/wp\/v2\/product_cat?post=1973585"},{"taxonomy":"product_tag","embeddable":true,"href":"https:\/\/eu.tilta.com\/de\/wp-json\/wp\/v2\/product_tag?post=1973585"}],"curies":[{"name":"wp","href":"https:\/\/api.w.org\/{rel}","templated":true}]}}