{"id":1973587,"date":"2021-09-16T15:45:18","date_gmt":"2021-09-16T13:45:18","guid":{"rendered":"https:\/\/de.tilta.com\/shop\/nucleus-nano-motor-adapter-fuer-tilta-mirage\/"},"modified":"2025-12-05T12:13:21","modified_gmt":"2025-12-05T11:13:21","slug":"nucleus-nano-motor-adapter-for-tilta-mirage","status":"publish","type":"product","link":"https:\/\/eu.tilta.com\/de\/shop\/nucleus-nano-motor-adapter-for-tilta-mirage\/","title":{"rendered":"Nucleus Nano Motor Adapter f\u00fcr Tilta Mirage"},"content":{"rendered":"<p>Mit diesem Nucleus Nano Motor Adapter f\u00fcr Tilta Mirage k\u00f6nnen Sie einen Nucleus Nano Motor \u00fcber einen 15mm Stab an das 95mm Variable ND Modul montieren.<\/p>\n<p>Damit k\u00f6nnen Sie das VND-Modul drahtlos \u00fcber das Nucleus Nano Handrad oder andere kompatible Controller der Nucleus Serie, einschlie\u00dflich des Wireless Controller f\u00fcr Tilta Mirage, steuern.<\/p>\n<p>Kompatibel mit anderen kabellosen Fokussiermotoren \u00e4hnlicher Gr\u00f6\u00dfe.<\/p>\n","protected":false},"excerpt":{"rendered":"<p>Mit diesem Nucleus Nano Motor Adapter f\u00fcr Tilta Mirage k\u00f6nnen Sie einen Nucleus Nano Motor \u00fcber einen 15mm Stab an das 95mm Variable ND Modul montieren. Damit k\u00f6nnen Sie das VND-Modul drahtlos \u00fcber das Nucleus Nano Handrad oder andere kompatible [&hellip;]<\/p>\n","protected":false},"featured_media":1966828,"comment_status":"closed","ping_status":"closed","template":"","meta":[],"product_cat":[1195],"product_tag":[],"acf":[],"gallery_images":[1966829,1966846],"_links":{"self":[{"href":"https:\/\/eu.tilta.com\/de\/wp-json\/wp\/v2\/product\/1973587"}],"collection":[{"href":"https:\/\/eu.tilta.com\/de\/wp-json\/wp\/v2\/product"}],"about":[{"href":"https:\/\/eu.tilta.com\/de\/wp-json\/wp\/v2\/types\/product"}],"replies":[{"embeddable":true,"href":"https:\/\/eu.tilta.com\/de\/wp-json\/wp\/v2\/comments?post=1973587"}],"wp:featuredmedia":[{"embeddable":true,"href":"https:\/\/eu.tilta.com\/de\/wp-json\/wp\/v2\/media\/1966828"}],"wp:attachment":[{"href":"https:\/\/eu.tilta.com\/de\/wp-json\/wp\/v2\/media?parent=1973587"}],"wp:term":[{"taxonomy":"product_cat","embeddable":true,"href":"https:\/\/eu.tilta.com\/de\/wp-json\/wp\/v2\/product_cat?post=1973587"},{"taxonomy":"product_tag","embeddable":true,"href":"https:\/\/eu.tilta.com\/de\/wp-json\/wp\/v2\/product_tag?post=1973587"}],"curies":[{"name":"wp","href":"https:\/\/api.w.org\/{rel}","templated":true}]}}