{"id":1973588,"date":"2021-09-16T15:42:29","date_gmt":"2021-09-16T13:42:29","guid":{"rendered":"https:\/\/de.tilta.com\/shop\/95mm-variable-nd-fuer-tilta-mirage\/"},"modified":"2026-03-07T04:44:18","modified_gmt":"2026-03-07T03:44:18","slug":"95mm-variable-nd-for-tilta-mirage","status":"publish","type":"product","link":"https:\/\/eu.tilta.com\/de\/shop\/95mm-variable-nd-for-tilta-mirage\/","title":{"rendered":"95mm Variable ND f\u00fcr Tilta Mirage"},"content":{"rendered":"<p>Das 95mm Variable ND f\u00fcr das Tilta Mirage wurde in enger Zusammenarbeit mit erstklassigen Optikherstellern entwickelt. Das VND-Modul kann in verschiedenen Konfigurationen eingesetzt werden, wobei die leichteste nur 130g wiegt.<\/p>\n<p>Dank der neuen PL + CPL-Technologie kann das VND-Modul selbst bei maximaler Dichte pr\u00e4zise Farben erzeugen.<\/p>\n<p>Der variable ND-Wert kann stufenweise eingestellt werden, so dass Sie eine gleichm\u00e4\u00dfige Belichtung beibehalten k\u00f6nnen, wenn sich die Lichtverh\u00e4ltnisse unerwartet \u00e4ndern.<\/p>\n<p>Das Modul verf\u00fcgt \u00fcber eingebaute harte Blenden zwischen ND 0,3 ~ ND 2,7, um das Risiko eines X-Pattern Cross Shadow auszuschlie\u00dfen.<\/p>\n<p>Das VND-Modul kann drahtlos \u00fcber einen optionalen Mikromotor gesteuert werden, um den ND-Grad aus der Ferne einzustellen, was mehr Flexibilit\u00e4t beim Fotografieren bietet.<\/p>\n","protected":false},"excerpt":{"rendered":"<p>Das 95mm Variable ND f\u00fcr das Tilta Mirage wurde in enger Zusammenarbeit mit erstklassigen Optikherstellern entwickelt. Das VND-Modul kann in verschiedenen Konfigurationen eingesetzt werden, wobei die leichteste nur 130g wiegt. Dank der neuen PL + CPL-Technologie kann das VND-Modul selbst [&hellip;]<\/p>\n","protected":false},"featured_media":1966815,"comment_status":"closed","ping_status":"closed","template":"","meta":[],"product_cat":[1195],"product_tag":[],"acf":[],"gallery_images":[1966839],"_links":{"self":[{"href":"https:\/\/eu.tilta.com\/de\/wp-json\/wp\/v2\/product\/1973588"}],"collection":[{"href":"https:\/\/eu.tilta.com\/de\/wp-json\/wp\/v2\/product"}],"about":[{"href":"https:\/\/eu.tilta.com\/de\/wp-json\/wp\/v2\/types\/product"}],"replies":[{"embeddable":true,"href":"https:\/\/eu.tilta.com\/de\/wp-json\/wp\/v2\/comments?post=1973588"}],"wp:featuredmedia":[{"embeddable":true,"href":"https:\/\/eu.tilta.com\/de\/wp-json\/wp\/v2\/media\/1966815"}],"wp:attachment":[{"href":"https:\/\/eu.tilta.com\/de\/wp-json\/wp\/v2\/media?parent=1973588"}],"wp:term":[{"taxonomy":"product_cat","embeddable":true,"href":"https:\/\/eu.tilta.com\/de\/wp-json\/wp\/v2\/product_cat?post=1973588"},{"taxonomy":"product_tag","embeddable":true,"href":"https:\/\/eu.tilta.com\/de\/wp-json\/wp\/v2\/product_tag?post=1973588"}],"curies":[{"name":"wp","href":"https:\/\/api.w.org\/{rel}","templated":true}]}}