{"id":1973589,"date":"2021-09-16T15:43:50","date_gmt":"2021-09-16T13:43:50","guid":{"rendered":"https:\/\/de.tilta.com\/shop\/15mm-lws-stuetze-fuer-tilta-mirage\/"},"modified":"2026-04-27T15:23:12","modified_gmt":"2026-04-27T13:23:12","slug":"15mm-lws-support-for-tilta-mirage","status":"publish","type":"product","link":"https:\/\/eu.tilta.com\/de\/shop\/15mm-lws-support-for-tilta-mirage\/","title":{"rendered":"15mm LWS St\u00fctze f\u00fcr Tilta Mirage"},"content":{"rendered":"<p>Die 15mm LWS Halterung f\u00fcr Tilta Mirage erm\u00f6glicht es Ihnen, die Matte Box \u00fcber zwei 15mm Stangen an Ihrem Kamerasystem zu befestigen.<\/p>\n<p>Dies ist die perfekte L\u00f6sung f\u00fcr zus\u00e4tzliche Sicherheit, wenn das Gewicht weniger wichtig ist oder wenn Sie Objektive verwenden, die die Klemmfunktion des Mirage nicht unterst\u00fctzen.<\/p>\n","protected":false},"excerpt":{"rendered":"<p>Die 15mm LWS Halterung f\u00fcr Tilta Mirage erm\u00f6glicht es Ihnen, die Matte Box \u00fcber zwei 15mm Stangen an Ihrem Kamerasystem zu befestigen. Dies ist die perfekte L\u00f6sung f\u00fcr zus\u00e4tzliche Sicherheit, wenn das Gewicht weniger wichtig ist oder wenn Sie Objektive [&hellip;]<\/p>\n","protected":false},"featured_media":1966838,"comment_status":"closed","ping_status":"closed","template":"","meta":[],"product_cat":[1195],"product_tag":[],"acf":[],"gallery_images":[1966826,1966847],"_links":{"self":[{"href":"https:\/\/eu.tilta.com\/de\/wp-json\/wp\/v2\/product\/1973589"}],"collection":[{"href":"https:\/\/eu.tilta.com\/de\/wp-json\/wp\/v2\/product"}],"about":[{"href":"https:\/\/eu.tilta.com\/de\/wp-json\/wp\/v2\/types\/product"}],"replies":[{"embeddable":true,"href":"https:\/\/eu.tilta.com\/de\/wp-json\/wp\/v2\/comments?post=1973589"}],"wp:featuredmedia":[{"embeddable":true,"href":"https:\/\/eu.tilta.com\/de\/wp-json\/wp\/v2\/media\/1966838"}],"wp:attachment":[{"href":"https:\/\/eu.tilta.com\/de\/wp-json\/wp\/v2\/media?parent=1973589"}],"wp:term":[{"taxonomy":"product_cat","embeddable":true,"href":"https:\/\/eu.tilta.com\/de\/wp-json\/wp\/v2\/product_cat?post=1973589"},{"taxonomy":"product_tag","embeddable":true,"href":"https:\/\/eu.tilta.com\/de\/wp-json\/wp\/v2\/product_tag?post=1973589"}],"curies":[{"name":"wp","href":"https:\/\/api.w.org\/{rel}","templated":true}]}}