{"id":1973590,"date":"2021-09-16T15:42:18","date_gmt":"2021-09-16T13:42:18","guid":{"rendered":"https:\/\/de.tilta.com\/shop\/leichter-filter-klemmadapter\/"},"modified":"2025-12-05T12:13:22","modified_gmt":"2025-12-05T11:13:22","slug":"lightweight-filter-clamp-on-adapter","status":"publish","type":"product","link":"https:\/\/eu.tilta.com\/de\/shop\/lightweight-filter-clamp-on-adapter\/","title":{"rendered":"Leichter Filter-Klemmadapter"},"content":{"rendered":"<p>Dieser leichte Filter-Klemmadapter erm\u00f6glicht es Ihnen, das Mirage VND Modul oder 95mm direkt an ein Objektiv mit 95mm Frontdurchmesser oder an einen Adapterring zu montieren.<\/p>\n<p>Dies ist eine der leichtesten Optionen, die derzeit f\u00fcr die Befestigung eines VND dieser Gr\u00f6\u00dfe an Ihrem Objektiv verf\u00fcgbar sind, da es nur 130 g wiegt.<\/p>\n<p>Ein Muss in Ihrer Ausr\u00fcstung, wenn Sie regelm\u00e4\u00dfig Gimbals oder Drohnen verwenden!<\/p>\n<p><strong>HINWEIS: dies ist nicht kompatibel mit den 95mm Dual Circular Filter Trays f\u00fcr Tilta Mirage<\/strong><\/p>\n<p>&nbsp;<\/p>\n","protected":false},"excerpt":{"rendered":"<p>Dieser leichte Filter-Klemmadapter erm\u00f6glicht es Ihnen, das Mirage VND Modul oder 95mm direkt an ein Objektiv mit 95mm Frontdurchmesser oder an einen Adapterring zu montieren. Dies ist eine der leichtesten Optionen, die derzeit f\u00fcr die Befestigung eines VND dieser Gr\u00f6\u00dfe [&hellip;]<\/p>\n","protected":false},"featured_media":1966824,"comment_status":"closed","ping_status":"closed","template":"","meta":[],"product_cat":[1195],"product_tag":[],"acf":[],"gallery_images":[1966848],"_links":{"self":[{"href":"https:\/\/eu.tilta.com\/de\/wp-json\/wp\/v2\/product\/1973590"}],"collection":[{"href":"https:\/\/eu.tilta.com\/de\/wp-json\/wp\/v2\/product"}],"about":[{"href":"https:\/\/eu.tilta.com\/de\/wp-json\/wp\/v2\/types\/product"}],"replies":[{"embeddable":true,"href":"https:\/\/eu.tilta.com\/de\/wp-json\/wp\/v2\/comments?post=1973590"}],"wp:featuredmedia":[{"embeddable":true,"href":"https:\/\/eu.tilta.com\/de\/wp-json\/wp\/v2\/media\/1966824"}],"wp:attachment":[{"href":"https:\/\/eu.tilta.com\/de\/wp-json\/wp\/v2\/media?parent=1973590"}],"wp:term":[{"taxonomy":"product_cat","embeddable":true,"href":"https:\/\/eu.tilta.com\/de\/wp-json\/wp\/v2\/product_cat?post=1973590"},{"taxonomy":"product_tag","embeddable":true,"href":"https:\/\/eu.tilta.com\/de\/wp-json\/wp\/v2\/product_tag?post=1973590"}],"curies":[{"name":"wp","href":"https:\/\/api.w.org\/{rel}","templated":true}]}}