{"id":1973591,"date":"2021-09-16T15:29:57","date_gmt":"2021-09-16T13:29:57","guid":{"rendered":"https:\/\/de.tilta.com\/shop\/adapterring-fuer-tilta-mirage\/"},"modified":"2026-04-26T11:51:31","modified_gmt":"2026-04-26T09:51:31","slug":"adapter-ring-for-tilta-mirage","status":"publish","type":"product","link":"https:\/\/eu.tilta.com\/de\/shop\/adapter-ring-for-tilta-mirage\/","title":{"rendered":"Adapterring f\u00fcr Tilta Mirage"},"content":{"rendered":"<p>Mit diesen Adapterringen f\u00fcr die Tilta Mirage Matte Box k\u00f6nnen Sie das System direkt an ein Fotoobjektiv mit einem Frontdurchmesser zwischen 52 mm und 85 mm montieren.<\/p>\n<p>Diese Adapterringe werden in das Filtergewinde Ihres Objektivs geschraubt und erm\u00f6glichen es Ihnen, die Mirage Matte Box direkt auf den Adapter zu klemmen.<\/p>\n","protected":false},"excerpt":{"rendered":"<p>Mit diesen Adapterringen f\u00fcr die Tilta Mirage Matte Box k\u00f6nnen Sie das System direkt an ein Fotoobjektiv mit einem Frontdurchmesser zwischen 52 mm und 85 mm montieren. Diese Adapterringe werden in das Filtergewinde Ihres Objektivs geschraubt und erm\u00f6glichen es Ihnen, [&hellip;]<\/p>\n","protected":false},"featured_media":1966820,"comment_status":"closed","ping_status":"closed","template":"","meta":[],"product_cat":[1195],"product_tag":[],"acf":[],"gallery_images":[],"_links":{"self":[{"href":"https:\/\/eu.tilta.com\/de\/wp-json\/wp\/v2\/product\/1973591"}],"collection":[{"href":"https:\/\/eu.tilta.com\/de\/wp-json\/wp\/v2\/product"}],"about":[{"href":"https:\/\/eu.tilta.com\/de\/wp-json\/wp\/v2\/types\/product"}],"replies":[{"embeddable":true,"href":"https:\/\/eu.tilta.com\/de\/wp-json\/wp\/v2\/comments?post=1973591"}],"wp:featuredmedia":[{"embeddable":true,"href":"https:\/\/eu.tilta.com\/de\/wp-json\/wp\/v2\/media\/1966820"}],"wp:attachment":[{"href":"https:\/\/eu.tilta.com\/de\/wp-json\/wp\/v2\/media?parent=1973591"}],"wp:term":[{"taxonomy":"product_cat","embeddable":true,"href":"https:\/\/eu.tilta.com\/de\/wp-json\/wp\/v2\/product_cat?post=1973591"},{"taxonomy":"product_tag","embeddable":true,"href":"https:\/\/eu.tilta.com\/de\/wp-json\/wp\/v2\/product_tag?post=1973591"}],"curies":[{"name":"wp","href":"https:\/\/api.w.org\/{rel}","templated":true}]}}