{"id":1973612,"date":"2021-06-03T14:45:48","date_gmt":"2021-06-03T12:45:48","guid":{"rendered":"https:\/\/de.tilta.com\/shop\/evf-verlaengerungskabel-fuer-bmpcc-6k-pro-g2\/"},"modified":"2026-03-09T20:45:47","modified_gmt":"2026-03-09T19:45:47","slug":"evf-extension-cable-for-bmpcc-6k-pro","status":"publish","type":"product","link":"https:\/\/eu.tilta.com\/de\/shop\/evf-extension-cable-for-bmpcc-6k-pro\/","title":{"rendered":"EVF-Verl\u00e4ngerungskabel f\u00fcr BMPCC 6K Pro\/G2"},"content":{"rendered":"<p>Dieses EVF-Verl\u00e4ngerungskabel f\u00fcr die BMPCC 6K Pro erm\u00f6glicht es Ihnen, ein Videosignal von Ihrer Kamera an den EVF zu senden, wenn dieser nicht direkt am Kamerageh\u00e4use montiert ist.<\/p>\n<p>Diese wurde speziell f\u00fcr unsere Tiltaing EVF-Verl\u00e4ngerungshalterung entwickelt, mit der Sie Ihren BMPCC 6K Pro ViewFinder weiter vom Kamerageh\u00e4use entfernt montieren k\u00f6nnen, was eine gr\u00f6\u00dfere Flexibilit\u00e4t bei der Bedienung erm\u00f6glicht.<\/p>\n<p>Erh\u00e4ltlich in 30cm oder 60cm L\u00e4nge.<\/p>\n","protected":false},"excerpt":{"rendered":"<p>Dieses EVF-Verl\u00e4ngerungskabel f\u00fcr die BMPCC 6K Pro erm\u00f6glicht es Ihnen, ein Videosignal von Ihrer Kamera an den EVF zu senden, wenn dieser nicht direkt am Kamerageh\u00e4use montiert ist. Diese wurde speziell f\u00fcr unsere Tiltaing EVF-Verl\u00e4ngerungshalterung entwickelt, mit der Sie Ihren [&hellip;]<\/p>\n","protected":false},"featured_media":1966321,"comment_status":"closed","ping_status":"closed","template":"","meta":[],"product_cat":[1079],"product_tag":[],"acf":[],"gallery_images":[],"_links":{"self":[{"href":"https:\/\/eu.tilta.com\/de\/wp-json\/wp\/v2\/product\/1973612"}],"collection":[{"href":"https:\/\/eu.tilta.com\/de\/wp-json\/wp\/v2\/product"}],"about":[{"href":"https:\/\/eu.tilta.com\/de\/wp-json\/wp\/v2\/types\/product"}],"replies":[{"embeddable":true,"href":"https:\/\/eu.tilta.com\/de\/wp-json\/wp\/v2\/comments?post=1973612"}],"wp:featuredmedia":[{"embeddable":true,"href":"https:\/\/eu.tilta.com\/de\/wp-json\/wp\/v2\/media\/1966321"}],"wp:attachment":[{"href":"https:\/\/eu.tilta.com\/de\/wp-json\/wp\/v2\/media?parent=1973612"}],"wp:term":[{"taxonomy":"product_cat","embeddable":true,"href":"https:\/\/eu.tilta.com\/de\/wp-json\/wp\/v2\/product_cat?post=1973612"},{"taxonomy":"product_tag","embeddable":true,"href":"https:\/\/eu.tilta.com\/de\/wp-json\/wp\/v2\/product_tag?post=1973612"}],"curies":[{"name":"wp","href":"https:\/\/api.w.org\/{rel}","templated":true}]}}