{"id":1973619,"date":"2021-06-03T14:36:28","date_gmt":"2021-06-03T12:36:28","guid":{"rendered":"https:\/\/de.tilta.com\/shop\/tilta-evf-verlaengerungshalterung\/"},"modified":"2025-12-05T12:13:58","modified_gmt":"2025-12-05T11:13:58","slug":"tiltaing-evf-extension-bracket","status":"publish","type":"product","link":"https:\/\/eu.tilta.com\/de\/shop\/tiltaing-evf-extension-bracket\/","title":{"rendered":"Tilta EVF-Verl\u00e4ngerungshalterung"},"content":{"rendered":"<p>Mit diesem Viewfinder Extender k\u00f6nnen Sie den BMPCC 6K Pro ViewFinder weiter vom Kamerageh\u00e4use entfernt montieren, was eine gr\u00f6\u00dfere Flexibilit\u00e4t bei der Bedienung erm\u00f6glicht.<\/p>\n<p>Der Extender nutzt die NATO-Schiene auf der linken Seite des Full Camera Cage f\u00fcr die BMPCC 6K Pro. Sie kann dann \u00fcber ein \u00bc&#8221;-20 Gewinde weiter gesichert werden.<\/p>\n<p>Der Extender kann dann auf verschiedene L\u00e4ngen eingestellt werden und verf\u00fcgt \u00fcber mehrere Drehachsen, die eine Vielzahl von Positionierungsm\u00f6glichkeiten bieten.<\/p>\n<p>Dies ist unglaublich n\u00fctzlich, wenn Sie in hellen Au\u00dfenumgebungen fotografieren oder wenn Sie eine Schulterhalterung wie unser <a href=\"https:\/\/de.tilta.com\/shop\/15mm-dovetail-shoulder-mount-system-tt0506-a15\/\">Dovetail Shoulder Mount System<\/a> verwenden.<\/p>\n<p><strong>HINWEIS: Das EVF-Verl\u00e4ngerungskabel ist nicht im Lieferumfang enthalten.<\/strong><\/p>\n","protected":false},"excerpt":{"rendered":"<p>Mit diesem Viewfinder Extender k\u00f6nnen Sie den BMPCC 6K Pro ViewFinder weiter vom Kamerageh\u00e4use entfernt montieren, was eine gr\u00f6\u00dfere Flexibilit\u00e4t bei der Bedienung erm\u00f6glicht. Der Extender nutzt die NATO-Schiene auf der linken Seite des Full Camera Cage f\u00fcr die BMPCC [&hellip;]<\/p>\n","protected":false},"featured_media":1966780,"comment_status":"closed","ping_status":"closed","template":"","meta":[],"product_cat":[1079],"product_tag":[],"acf":[],"gallery_images":[],"_links":{"self":[{"href":"https:\/\/eu.tilta.com\/de\/wp-json\/wp\/v2\/product\/1973619"}],"collection":[{"href":"https:\/\/eu.tilta.com\/de\/wp-json\/wp\/v2\/product"}],"about":[{"href":"https:\/\/eu.tilta.com\/de\/wp-json\/wp\/v2\/types\/product"}],"replies":[{"embeddable":true,"href":"https:\/\/eu.tilta.com\/de\/wp-json\/wp\/v2\/comments?post=1973619"}],"wp:featuredmedia":[{"embeddable":true,"href":"https:\/\/eu.tilta.com\/de\/wp-json\/wp\/v2\/media\/1966780"}],"wp:attachment":[{"href":"https:\/\/eu.tilta.com\/de\/wp-json\/wp\/v2\/media?parent=1973619"}],"wp:term":[{"taxonomy":"product_cat","embeddable":true,"href":"https:\/\/eu.tilta.com\/de\/wp-json\/wp\/v2\/product_cat?post=1973619"},{"taxonomy":"product_tag","embeddable":true,"href":"https:\/\/eu.tilta.com\/de\/wp-json\/wp\/v2\/product_tag?post=1973619"}],"curies":[{"name":"wp","href":"https:\/\/api.w.org\/{rel}","templated":true}]}}