{"id":1973620,"date":"2021-06-02T12:35:43","date_gmt":"2021-06-02T10:35:43","guid":{"rendered":"https:\/\/de.tilta.com\/shop\/15mm-stabhalterung-fuer-bmpcc-6k-pro-g2\/"},"modified":"2026-02-16T09:02:30","modified_gmt":"2026-02-16T08:02:30","slug":"15mm-rod-holder-for-bmpcc-6k-pro","status":"publish","type":"product","link":"https:\/\/eu.tilta.com\/de\/shop\/15mm-rod-holder-for-bmpcc-6k-pro\/","title":{"rendered":"15mm Stabhalterung f\u00fcr BMPCC 6K Pro\/G2"},"content":{"rendered":"<p>Dieser 15-mm-Rutenhalter kann installiert werden, um 15-mm-Ruten zu halten, wenn Sie den Battery Grip im Half Cage-Setup \u00fcber die verl\u00e4ngerte Bodenplatte verwenden.<\/p>\n<p>Damit k\u00f6nnen Sie stangenbasiertes Zubeh\u00f6r vor dem Kamerageh\u00e4use montieren, z. B. <a href=\"https:\/\/de.tilta.com\/product-category\/matte-boxes\/\">Matteboxen,<\/a> <a href=\"https:\/\/de.tilta.com\/product-category\/lens-control-systems\/\">Follow-Focus-Systeme <\/a>oder <a href=\"https:\/\/de.tilta.com\/product-category\/accessories\/lens-supports\/\">Objektivhalterungen<\/a>.<\/p>\n<p>Dieser Rutenhalter wird mit einer 1\/4&#8243;-20 Schraube und Fixierstiften an der Half Cage Extension Bracket befestigt, was eine sichere Verbindung gew\u00e4hrleistet und gleichzeitig eine unerw\u00fcnschte Drehung verhindert.<\/p>\n","protected":false},"excerpt":{"rendered":"<p>Dieser 15-mm-Rutenhalter kann installiert werden, um 15-mm-Ruten zu halten, wenn Sie den Battery Grip im Half Cage-Setup \u00fcber die verl\u00e4ngerte Bodenplatte verwenden. Damit k\u00f6nnen Sie stangenbasiertes Zubeh\u00f6r vor dem Kamerageh\u00e4use montieren, z. B. Matteboxen, Follow-Focus-Systeme oder Objektivhalterungen. Dieser Rutenhalter wird [&hellip;]<\/p>\n","protected":false},"featured_media":1966767,"comment_status":"closed","ping_status":"closed","template":"","meta":[],"product_cat":[1047,4448,1073,1079],"product_tag":[],"acf":[],"gallery_images":[1800058],"_links":{"self":[{"href":"https:\/\/eu.tilta.com\/de\/wp-json\/wp\/v2\/product\/1973620"}],"collection":[{"href":"https:\/\/eu.tilta.com\/de\/wp-json\/wp\/v2\/product"}],"about":[{"href":"https:\/\/eu.tilta.com\/de\/wp-json\/wp\/v2\/types\/product"}],"replies":[{"embeddable":true,"href":"https:\/\/eu.tilta.com\/de\/wp-json\/wp\/v2\/comments?post=1973620"}],"wp:featuredmedia":[{"embeddable":true,"href":"https:\/\/eu.tilta.com\/de\/wp-json\/wp\/v2\/media\/1966767"}],"wp:attachment":[{"href":"https:\/\/eu.tilta.com\/de\/wp-json\/wp\/v2\/media?parent=1973620"}],"wp:term":[{"taxonomy":"product_cat","embeddable":true,"href":"https:\/\/eu.tilta.com\/de\/wp-json\/wp\/v2\/product_cat?post=1973620"},{"taxonomy":"product_tag","embeddable":true,"href":"https:\/\/eu.tilta.com\/de\/wp-json\/wp\/v2\/product_tag?post=1973620"}],"curies":[{"name":"wp","href":"https:\/\/api.w.org\/{rel}","templated":true}]}}